{"id":17337,"date":"2020-06-21T10:25:33","date_gmt":"2020-06-21T08:25:33","guid":{"rendered":"https:\/\/shop.cafedeflore.fr\/?post_type=product&#038;p=17337"},"modified":"2024-12-04T10:41:31","modified_gmt":"2024-12-04T09:41:31","slug":"the-de-flore","status":"publish","type":"product","link":"https:\/\/shop.cafedeflore.fr\/ja\/produit\/the-de-flore\/","title":{"rendered":"Th\u00e9 de Flore"},"content":{"rendered":"","protected":false},"excerpt":{"rendered":"<p>Cr\u00e9ation Sp\u00e9ciale Flore.<\/p>\n<p>Th\u00e9 d&#8217;Exception : Th\u00e9 noir du N\u00e9pal Bio aux \u00e9corces de cacao et cardamome.<\/p>\n","protected":false},"featured_media":16666,"template":"","meta":[],"product_brand":[],"product_cat":[77,95],"product_tag":[],"class_list":{"0":"post-17337","1":"product","2":"type-product","3":"status-publish","4":"has-post-thumbnail","6":"product_cat-77","7":"product_cat-95","9":"first","10":"instock","11":"taxable","12":"shipping-taxable","13":"purchasable","14":"product-type-simple"},"yoast_head":"<!-- This site is optimized with the Yoast SEO plugin v27.3 - https:\/\/yoast.com\/product\/yoast-seo-wordpress\/ -->\n<title>Th\u00e9 de Flore - Caf\u00e9 de Flore<\/title>\n<meta name=\"robots\" content=\"index, follow, max-snippet:-1, max-image-preview:large, max-video-preview:-1\" \/>\n<link rel=\"canonical\" href=\"https:\/\/shop.cafedeflore.fr\/ja\/produit\/the-de-flore\/\" \/>\n<meta property=\"og:locale\" content=\"ja_JP\" \/>\n<meta property=\"og:type\" content=\"article\" \/>\n<meta property=\"og:title\" content=\"Th\u00e9 de Flore - Caf\u00e9 de Flore\" \/>\n<meta property=\"og:description\" content=\"Cr\u00e9ation Sp\u00e9ciale Flore.  Th\u00e9 d&#039;Exception : Th\u00e9 noir du N\u00e9pal Bio aux \u00e9corces de cacao et cardamome.\" \/>\n<meta property=\"og:url\" content=\"https:\/\/shop.cafedeflore.fr\/ja\/produit\/the-de-flore\/\" \/>\n<meta property=\"og:site_name\" content=\"Caf\u00e9 de Flore\" \/>\n<meta property=\"article:modified_time\" content=\"2024-12-04T09:41:31+00:00\" \/>\n<meta property=\"og:image\" content=\"https:\/\/shop.cafedeflore.fr\/wp-content\/uploads\/2020\/05\/The\u0301-Cafe\u0301-de-flore.jpg\" \/>\n\t<meta property=\"og:image:width\" content=\"1979\" \/>\n\t<meta property=\"og:image:height\" content=\"2560\" \/>\n\t<meta property=\"og:image:type\" content=\"image\/jpeg\" \/>\n<meta name=\"twitter:card\" content=\"summary_large_image\" \/>\n<script type=\"application\/ld+json\" class=\"yoast-schema-graph\">{\"@context\":\"https:\\\/\\\/schema.org\",\"@graph\":[{\"@type\":\"WebPage\",\"@id\":\"https:\\\/\\\/shop.cafedeflore.fr\\\/ja\\\/produit\\\/the-de-flore\\\/\",\"url\":\"https:\\\/\\\/shop.cafedeflore.fr\\\/ja\\\/produit\\\/the-de-flore\\\/\",\"name\":\"Th\u00e9 de Flore - Caf\u00e9 de Flore\",\"isPartOf\":{\"@id\":\"https:\\\/\\\/shop.cafedeflore.fr\\\/ja\\\/#website\"},\"primaryImageOfPage\":{\"@id\":\"https:\\\/\\\/shop.cafedeflore.fr\\\/ja\\\/produit\\\/the-de-flore\\\/#primaryimage\"},\"image\":{\"@id\":\"https:\\\/\\\/shop.cafedeflore.fr\\\/ja\\\/produit\\\/the-de-flore\\\/#primaryimage\"},\"thumbnailUrl\":\"https:\\\/\\\/shop.cafedeflore.fr\\\/wp-content\\\/uploads\\\/2020\\\/05\\\/The\u0301-Cafe\u0301-de-flore.jpg\",\"datePublished\":\"2020-06-21T08:25:33+00:00\",\"dateModified\":\"2024-12-04T09:41:31+00:00\",\"breadcrumb\":{\"@id\":\"https:\\\/\\\/shop.cafedeflore.fr\\\/ja\\\/produit\\\/the-de-flore\\\/#breadcrumb\"},\"inLanguage\":\"ja\",\"potentialAction\":[{\"@type\":\"ReadAction\",\"target\":[\"https:\\\/\\\/shop.cafedeflore.fr\\\/ja\\\/produit\\\/the-de-flore\\\/\"]}]},{\"@type\":\"ImageObject\",\"inLanguage\":\"ja\",\"@id\":\"https:\\\/\\\/shop.cafedeflore.fr\\\/ja\\\/produit\\\/the-de-flore\\\/#primaryimage\",\"url\":\"https:\\\/\\\/shop.cafedeflore.fr\\\/wp-content\\\/uploads\\\/2020\\\/05\\\/The\u0301-Cafe\u0301-de-flore.jpg\",\"contentUrl\":\"https:\\\/\\\/shop.cafedeflore.fr\\\/wp-content\\\/uploads\\\/2020\\\/05\\\/The\u0301-Cafe\u0301-de-flore.jpg\",\"width\":1979,\"height\":2560},{\"@type\":\"BreadcrumbList\",\"@id\":\"https:\\\/\\\/shop.cafedeflore.fr\\\/ja\\\/produit\\\/the-de-flore\\\/#breadcrumb\",\"itemListElement\":[{\"@type\":\"ListItem\",\"position\":1,\"name\":\"Boutique\",\"item\":\"https:\\\/\\\/shop.cafedeflore.fr\\\/ja\\\/boutique\\\/\"},{\"@type\":\"ListItem\",\"position\":2,\"name\":\"Th\u00e9 de Flore\"}]},{\"@type\":\"WebSite\",\"@id\":\"https:\\\/\\\/shop.cafedeflore.fr\\\/ja\\\/#website\",\"url\":\"https:\\\/\\\/shop.cafedeflore.fr\\\/ja\\\/\",\"name\":\"Caf\u00e9 de Flore\",\"description\":\"La boutique du Caf\u00e9 de Flore\",\"publisher\":{\"@id\":\"https:\\\/\\\/shop.cafedeflore.fr\\\/ja\\\/#organization\"},\"potentialAction\":[{\"@type\":\"SearchAction\",\"target\":{\"@type\":\"EntryPoint\",\"urlTemplate\":\"https:\\\/\\\/shop.cafedeflore.fr\\\/ja\\\/?s={search_term_string}\"},\"query-input\":{\"@type\":\"PropertyValueSpecification\",\"valueRequired\":true,\"valueName\":\"search_term_string\"}}],\"inLanguage\":\"ja\"},{\"@type\":\"Organization\",\"@id\":\"https:\\\/\\\/shop.cafedeflore.fr\\\/ja\\\/#organization\",\"name\":\"Caf\u00e9 de Flore\",\"url\":\"https:\\\/\\\/shop.cafedeflore.fr\\\/ja\\\/\",\"logo\":{\"@type\":\"ImageObject\",\"inLanguage\":\"ja\",\"@id\":\"https:\\\/\\\/shop.cafedeflore.fr\\\/ja\\\/#\\\/schema\\\/logo\\\/image\\\/\",\"url\":\"https:\\\/\\\/shop.cafedeflore.fr\\\/wp-content\\\/uploads\\\/2021\\\/12\\\/cafe_de_flore_logo.png\",\"contentUrl\":\"https:\\\/\\\/shop.cafedeflore.fr\\\/wp-content\\\/uploads\\\/2021\\\/12\\\/cafe_de_flore_logo.png\",\"width\":370,\"height\":108,\"caption\":\"Caf\u00e9 de Flore\"},\"image\":{\"@id\":\"https:\\\/\\\/shop.cafedeflore.fr\\\/ja\\\/#\\\/schema\\\/logo\\\/image\\\/\"}}]}<\/script>\n<!-- \/ Yoast SEO plugin. -->","yoast_head_json":{"title":"Th\u00e9 de Flore - Caf\u00e9 de Flore","robots":{"index":"index","follow":"follow","max-snippet":"max-snippet:-1","max-image-preview":"max-image-preview:large","max-video-preview":"max-video-preview:-1"},"canonical":"https:\/\/shop.cafedeflore.fr\/ja\/produit\/the-de-flore\/","og_locale":"ja_JP","og_type":"article","og_title":"Th\u00e9 de Flore - Caf\u00e9 de Flore","og_description":"Cr\u00e9ation Sp\u00e9ciale Flore.  Th\u00e9 d'Exception : Th\u00e9 noir du N\u00e9pal Bio aux \u00e9corces de cacao et cardamome.","og_url":"https:\/\/shop.cafedeflore.fr\/ja\/produit\/the-de-flore\/","og_site_name":"Caf\u00e9 de Flore","article_modified_time":"2024-12-04T09:41:31+00:00","og_image":[{"width":1979,"height":2560,"url":"https:\/\/shop.cafedeflore.fr\/wp-content\/uploads\/2020\/05\/The\u0301-Cafe\u0301-de-flore.jpg","type":"image\/jpeg"}],"twitter_card":"summary_large_image","schema":{"@context":"https:\/\/schema.org","@graph":[{"@type":"WebPage","@id":"https:\/\/shop.cafedeflore.fr\/ja\/produit\/the-de-flore\/","url":"https:\/\/shop.cafedeflore.fr\/ja\/produit\/the-de-flore\/","name":"Th\u00e9 de Flore - Caf\u00e9 de Flore","isPartOf":{"@id":"https:\/\/shop.cafedeflore.fr\/ja\/#website"},"primaryImageOfPage":{"@id":"https:\/\/shop.cafedeflore.fr\/ja\/produit\/the-de-flore\/#primaryimage"},"image":{"@id":"https:\/\/shop.cafedeflore.fr\/ja\/produit\/the-de-flore\/#primaryimage"},"thumbnailUrl":"https:\/\/shop.cafedeflore.fr\/wp-content\/uploads\/2020\/05\/The\u0301-Cafe\u0301-de-flore.jpg","datePublished":"2020-06-21T08:25:33+00:00","dateModified":"2024-12-04T09:41:31+00:00","breadcrumb":{"@id":"https:\/\/shop.cafedeflore.fr\/ja\/produit\/the-de-flore\/#breadcrumb"},"inLanguage":"ja","potentialAction":[{"@type":"ReadAction","target":["https:\/\/shop.cafedeflore.fr\/ja\/produit\/the-de-flore\/"]}]},{"@type":"ImageObject","inLanguage":"ja","@id":"https:\/\/shop.cafedeflore.fr\/ja\/produit\/the-de-flore\/#primaryimage","url":"https:\/\/shop.cafedeflore.fr\/wp-content\/uploads\/2020\/05\/The\u0301-Cafe\u0301-de-flore.jpg","contentUrl":"https:\/\/shop.cafedeflore.fr\/wp-content\/uploads\/2020\/05\/The\u0301-Cafe\u0301-de-flore.jpg","width":1979,"height":2560},{"@type":"BreadcrumbList","@id":"https:\/\/shop.cafedeflore.fr\/ja\/produit\/the-de-flore\/#breadcrumb","itemListElement":[{"@type":"ListItem","position":1,"name":"Boutique","item":"https:\/\/shop.cafedeflore.fr\/ja\/boutique\/"},{"@type":"ListItem","position":2,"name":"Th\u00e9 de Flore"}]},{"@type":"WebSite","@id":"https:\/\/shop.cafedeflore.fr\/ja\/#website","url":"https:\/\/shop.cafedeflore.fr\/ja\/","name":"Caf\u00e9 de Flore","description":"La boutique du Caf\u00e9 de Flore","publisher":{"@id":"https:\/\/shop.cafedeflore.fr\/ja\/#organization"},"potentialAction":[{"@type":"SearchAction","target":{"@type":"EntryPoint","urlTemplate":"https:\/\/shop.cafedeflore.fr\/ja\/?s={search_term_string}"},"query-input":{"@type":"PropertyValueSpecification","valueRequired":true,"valueName":"search_term_string"}}],"inLanguage":"ja"},{"@type":"Organization","@id":"https:\/\/shop.cafedeflore.fr\/ja\/#organization","name":"Caf\u00e9 de Flore","url":"https:\/\/shop.cafedeflore.fr\/ja\/","logo":{"@type":"ImageObject","inLanguage":"ja","@id":"https:\/\/shop.cafedeflore.fr\/ja\/#\/schema\/logo\/image\/","url":"https:\/\/shop.cafedeflore.fr\/wp-content\/uploads\/2021\/12\/cafe_de_flore_logo.png","contentUrl":"https:\/\/shop.cafedeflore.fr\/wp-content\/uploads\/2021\/12\/cafe_de_flore_logo.png","width":370,"height":108,"caption":"Caf\u00e9 de Flore"},"image":{"@id":"https:\/\/shop.cafedeflore.fr\/ja\/#\/schema\/logo\/image\/"}}]}},"_links":{"self":[{"href":"https:\/\/shop.cafedeflore.fr\/ja\/wp-json\/wp\/v2\/product\/17337","targetHints":{"allow":["GET"]}}],"collection":[{"href":"https:\/\/shop.cafedeflore.fr\/ja\/wp-json\/wp\/v2\/product"}],"about":[{"href":"https:\/\/shop.cafedeflore.fr\/ja\/wp-json\/wp\/v2\/types\/product"}],"wp:featuredmedia":[{"embeddable":true,"href":"https:\/\/shop.cafedeflore.fr\/ja\/wp-json\/wp\/v2\/media\/16666"}],"wp:attachment":[{"href":"https:\/\/shop.cafedeflore.fr\/ja\/wp-json\/wp\/v2\/media?parent=17337"}],"wp:term":[{"taxonomy":"product_brand","embeddable":true,"href":"https:\/\/shop.cafedeflore.fr\/ja\/wp-json\/wp\/v2\/product_brand?post=17337"},{"taxonomy":"product_cat","embeddable":true,"href":"https:\/\/shop.cafedeflore.fr\/ja\/wp-json\/wp\/v2\/product_cat?post=17337"},{"taxonomy":"product_tag","embeddable":true,"href":"https:\/\/shop.cafedeflore.fr\/ja\/wp-json\/wp\/v2\/product_tag?post=17337"}],"curies":[{"name":"wp","href":"https:\/\/api.w.org\/{rel}","templated":true}]}}