{"id":89169,"date":"2024-11-04T16:32:20","date_gmt":"2024-11-04T15:32:20","guid":{"rendered":"https:\/\/shop.cafedeflore.fr\/produit\/assiette-carree-cafe-de-flore\/"},"modified":"2024-11-04T16:32:20","modified_gmt":"2024-11-04T15:32:20","slug":"assiette-carree-cafe-de-flore","status":"publish","type":"product","link":"https:\/\/shop.cafedeflore.fr\/es\/produit\/assiette-carree-cafe-de-flore\/","title":{"rendered":"Assiette Carr\u00e9e Caf\u00e9 de Flore"},"content":{"rendered":"","protected":false},"excerpt":{"rendered":"<p>Assiette Carr\u00e9e<\/p>\n<p>23cm x 23cm<\/p>\n<p>Porcelaine Fran\u00e7aise<\/p>\n","protected":false},"featured_media":89133,"template":"","meta":[],"product_brand":[],"product_cat":[89],"product_tag":[],"class_list":{"0":"post-89169","1":"product","2":"type-product","3":"status-publish","4":"has-post-thumbnail","6":"product_cat-lamina","8":"first","9":"instock","10":"taxable","11":"shipping-taxable","12":"purchasable","13":"product-type-simple"},"yoast_head":"<!-- This site is optimized with the Yoast SEO plugin v27.4 - https:\/\/yoast.com\/product\/yoast-seo-wordpress\/ -->\n<title>Assiette Carr\u00e9e Caf\u00e9 de Flore - Caf\u00e9 de Flore<\/title>\n<meta name=\"robots\" content=\"index, follow, max-snippet:-1, max-image-preview:large, max-video-preview:-1\" \/>\n<link rel=\"canonical\" href=\"https:\/\/shop.cafedeflore.fr\/es\/produit\/assiette-carree-cafe-de-flore\/\" \/>\n<meta property=\"og:locale\" content=\"es_ES\" \/>\n<meta property=\"og:type\" content=\"article\" \/>\n<meta property=\"og:title\" content=\"Assiette Carr\u00e9e Caf\u00e9 de Flore - Caf\u00e9 de Flore\" \/>\n<meta property=\"og:description\" content=\"Assiette Carr\u00e9e  23cm x 23cm  Porcelaine Fran\u00e7aise\" \/>\n<meta property=\"og:url\" content=\"https:\/\/shop.cafedeflore.fr\/es\/produit\/assiette-carree-cafe-de-flore\/\" \/>\n<meta property=\"og:site_name\" content=\"Caf\u00e9 de Flore\" \/>\n<meta property=\"og:image\" content=\"https:\/\/shop.cafedeflore.fr\/wp-content\/uploads\/2021\/12\/cafe_de_flore.png\" \/>\n\t<meta property=\"og:image:width\" content=\"1024\" \/>\n\t<meta property=\"og:image:height\" content=\"539\" \/>\n\t<meta property=\"og:image:type\" content=\"image\/png\" \/>\n<meta name=\"twitter:card\" content=\"summary_large_image\" \/>\n<script type=\"application\/ld+json\" class=\"yoast-schema-graph\">{\"@context\":\"https:\\\/\\\/schema.org\",\"@graph\":[{\"@type\":\"WebPage\",\"@id\":\"https:\\\/\\\/shop.cafedeflore.fr\\\/es\\\/produit\\\/assiette-carree-cafe-de-flore\\\/\",\"url\":\"https:\\\/\\\/shop.cafedeflore.fr\\\/es\\\/produit\\\/assiette-carree-cafe-de-flore\\\/\",\"name\":\"Assiette Carr\u00e9e Caf\u00e9 de Flore - Caf\u00e9 de Flore\",\"isPartOf\":{\"@id\":\"https:\\\/\\\/shop.cafedeflore.fr\\\/es\\\/#website\"},\"primaryImageOfPage\":{\"@id\":\"https:\\\/\\\/shop.cafedeflore.fr\\\/es\\\/produit\\\/assiette-carree-cafe-de-flore\\\/#primaryimage\"},\"image\":{\"@id\":\"https:\\\/\\\/shop.cafedeflore.fr\\\/es\\\/produit\\\/assiette-carree-cafe-de-flore\\\/#primaryimage\"},\"thumbnailUrl\":\"https:\\\/\\\/shop.cafedeflore.fr\\\/wp-content\\\/uploads\\\/2024\\\/11\\\/Assiette-scaled.jpg\",\"datePublished\":\"2024-11-04T15:32:20+00:00\",\"breadcrumb\":{\"@id\":\"https:\\\/\\\/shop.cafedeflore.fr\\\/es\\\/produit\\\/assiette-carree-cafe-de-flore\\\/#breadcrumb\"},\"inLanguage\":\"es\",\"potentialAction\":[{\"@type\":\"ReadAction\",\"target\":[\"https:\\\/\\\/shop.cafedeflore.fr\\\/es\\\/produit\\\/assiette-carree-cafe-de-flore\\\/\"]}]},{\"@type\":\"ImageObject\",\"inLanguage\":\"es\",\"@id\":\"https:\\\/\\\/shop.cafedeflore.fr\\\/es\\\/produit\\\/assiette-carree-cafe-de-flore\\\/#primaryimage\",\"url\":\"https:\\\/\\\/shop.cafedeflore.fr\\\/wp-content\\\/uploads\\\/2024\\\/11\\\/Assiette-scaled.jpg\",\"contentUrl\":\"https:\\\/\\\/shop.cafedeflore.fr\\\/wp-content\\\/uploads\\\/2024\\\/11\\\/Assiette-scaled.jpg\",\"width\":2560,\"height\":2560},{\"@type\":\"BreadcrumbList\",\"@id\":\"https:\\\/\\\/shop.cafedeflore.fr\\\/es\\\/produit\\\/assiette-carree-cafe-de-flore\\\/#breadcrumb\",\"itemListElement\":[{\"@type\":\"ListItem\",\"position\":1,\"name\":\"Boutique\",\"item\":\"https:\\\/\\\/shop.cafedeflore.fr\\\/es\\\/boutique\\\/\"},{\"@type\":\"ListItem\",\"position\":2,\"name\":\"Assiette Carr\u00e9e Caf\u00e9 de Flore\"}]},{\"@type\":\"WebSite\",\"@id\":\"https:\\\/\\\/shop.cafedeflore.fr\\\/es\\\/#website\",\"url\":\"https:\\\/\\\/shop.cafedeflore.fr\\\/es\\\/\",\"name\":\"Caf\u00e9 de Flore\",\"description\":\"La boutique du Caf\u00e9 de Flore\",\"publisher\":{\"@id\":\"https:\\\/\\\/shop.cafedeflore.fr\\\/es\\\/#organization\"},\"potentialAction\":[{\"@type\":\"SearchAction\",\"target\":{\"@type\":\"EntryPoint\",\"urlTemplate\":\"https:\\\/\\\/shop.cafedeflore.fr\\\/es\\\/?s={search_term_string}\"},\"query-input\":{\"@type\":\"PropertyValueSpecification\",\"valueRequired\":true,\"valueName\":\"search_term_string\"}}],\"inLanguage\":\"es\"},{\"@type\":\"Organization\",\"@id\":\"https:\\\/\\\/shop.cafedeflore.fr\\\/es\\\/#organization\",\"name\":\"Caf\u00e9 de Flore\",\"url\":\"https:\\\/\\\/shop.cafedeflore.fr\\\/es\\\/\",\"logo\":{\"@type\":\"ImageObject\",\"inLanguage\":\"es\",\"@id\":\"https:\\\/\\\/shop.cafedeflore.fr\\\/es\\\/#\\\/schema\\\/logo\\\/image\\\/\",\"url\":\"https:\\\/\\\/shop.cafedeflore.fr\\\/wp-content\\\/uploads\\\/2021\\\/12\\\/cafe_de_flore_logo.png\",\"contentUrl\":\"https:\\\/\\\/shop.cafedeflore.fr\\\/wp-content\\\/uploads\\\/2021\\\/12\\\/cafe_de_flore_logo.png\",\"width\":370,\"height\":108,\"caption\":\"Caf\u00e9 de Flore\"},\"image\":{\"@id\":\"https:\\\/\\\/shop.cafedeflore.fr\\\/es\\\/#\\\/schema\\\/logo\\\/image\\\/\"}}]}<\/script>\n<!-- \/ Yoast SEO plugin. -->","yoast_head_json":{"title":"Assiette Carr\u00e9e Caf\u00e9 de Flore - Caf\u00e9 de Flore","robots":{"index":"index","follow":"follow","max-snippet":"max-snippet:-1","max-image-preview":"max-image-preview:large","max-video-preview":"max-video-preview:-1"},"canonical":"https:\/\/shop.cafedeflore.fr\/es\/produit\/assiette-carree-cafe-de-flore\/","og_locale":"es_ES","og_type":"article","og_title":"Assiette Carr\u00e9e Caf\u00e9 de Flore - Caf\u00e9 de Flore","og_description":"Assiette Carr\u00e9e  23cm x 23cm  Porcelaine Fran\u00e7aise","og_url":"https:\/\/shop.cafedeflore.fr\/es\/produit\/assiette-carree-cafe-de-flore\/","og_site_name":"Caf\u00e9 de Flore","og_image":[{"width":1024,"height":539,"url":"https:\/\/shop.cafedeflore.fr\/wp-content\/uploads\/2021\/12\/cafe_de_flore.png","type":"image\/png"}],"twitter_card":"summary_large_image","schema":{"@context":"https:\/\/schema.org","@graph":[{"@type":"WebPage","@id":"https:\/\/shop.cafedeflore.fr\/es\/produit\/assiette-carree-cafe-de-flore\/","url":"https:\/\/shop.cafedeflore.fr\/es\/produit\/assiette-carree-cafe-de-flore\/","name":"Assiette Carr\u00e9e Caf\u00e9 de Flore - Caf\u00e9 de Flore","isPartOf":{"@id":"https:\/\/shop.cafedeflore.fr\/es\/#website"},"primaryImageOfPage":{"@id":"https:\/\/shop.cafedeflore.fr\/es\/produit\/assiette-carree-cafe-de-flore\/#primaryimage"},"image":{"@id":"https:\/\/shop.cafedeflore.fr\/es\/produit\/assiette-carree-cafe-de-flore\/#primaryimage"},"thumbnailUrl":"https:\/\/shop.cafedeflore.fr\/wp-content\/uploads\/2024\/11\/Assiette-scaled.jpg","datePublished":"2024-11-04T15:32:20+00:00","breadcrumb":{"@id":"https:\/\/shop.cafedeflore.fr\/es\/produit\/assiette-carree-cafe-de-flore\/#breadcrumb"},"inLanguage":"es","potentialAction":[{"@type":"ReadAction","target":["https:\/\/shop.cafedeflore.fr\/es\/produit\/assiette-carree-cafe-de-flore\/"]}]},{"@type":"ImageObject","inLanguage":"es","@id":"https:\/\/shop.cafedeflore.fr\/es\/produit\/assiette-carree-cafe-de-flore\/#primaryimage","url":"https:\/\/shop.cafedeflore.fr\/wp-content\/uploads\/2024\/11\/Assiette-scaled.jpg","contentUrl":"https:\/\/shop.cafedeflore.fr\/wp-content\/uploads\/2024\/11\/Assiette-scaled.jpg","width":2560,"height":2560},{"@type":"BreadcrumbList","@id":"https:\/\/shop.cafedeflore.fr\/es\/produit\/assiette-carree-cafe-de-flore\/#breadcrumb","itemListElement":[{"@type":"ListItem","position":1,"name":"Boutique","item":"https:\/\/shop.cafedeflore.fr\/es\/boutique\/"},{"@type":"ListItem","position":2,"name":"Assiette Carr\u00e9e Caf\u00e9 de Flore"}]},{"@type":"WebSite","@id":"https:\/\/shop.cafedeflore.fr\/es\/#website","url":"https:\/\/shop.cafedeflore.fr\/es\/","name":"Caf\u00e9 de Flore","description":"La boutique du Caf\u00e9 de Flore","publisher":{"@id":"https:\/\/shop.cafedeflore.fr\/es\/#organization"},"potentialAction":[{"@type":"SearchAction","target":{"@type":"EntryPoint","urlTemplate":"https:\/\/shop.cafedeflore.fr\/es\/?s={search_term_string}"},"query-input":{"@type":"PropertyValueSpecification","valueRequired":true,"valueName":"search_term_string"}}],"inLanguage":"es"},{"@type":"Organization","@id":"https:\/\/shop.cafedeflore.fr\/es\/#organization","name":"Caf\u00e9 de Flore","url":"https:\/\/shop.cafedeflore.fr\/es\/","logo":{"@type":"ImageObject","inLanguage":"es","@id":"https:\/\/shop.cafedeflore.fr\/es\/#\/schema\/logo\/image\/","url":"https:\/\/shop.cafedeflore.fr\/wp-content\/uploads\/2021\/12\/cafe_de_flore_logo.png","contentUrl":"https:\/\/shop.cafedeflore.fr\/wp-content\/uploads\/2021\/12\/cafe_de_flore_logo.png","width":370,"height":108,"caption":"Caf\u00e9 de Flore"},"image":{"@id":"https:\/\/shop.cafedeflore.fr\/es\/#\/schema\/logo\/image\/"}}]}},"_links":{"self":[{"href":"https:\/\/shop.cafedeflore.fr\/es\/wp-json\/wp\/v2\/product\/89169","targetHints":{"allow":["GET"]}}],"collection":[{"href":"https:\/\/shop.cafedeflore.fr\/es\/wp-json\/wp\/v2\/product"}],"about":[{"href":"https:\/\/shop.cafedeflore.fr\/es\/wp-json\/wp\/v2\/types\/product"}],"wp:featuredmedia":[{"embeddable":true,"href":"https:\/\/shop.cafedeflore.fr\/es\/wp-json\/wp\/v2\/media\/89133"}],"wp:attachment":[{"href":"https:\/\/shop.cafedeflore.fr\/es\/wp-json\/wp\/v2\/media?parent=89169"}],"wp:term":[{"taxonomy":"product_brand","embeddable":true,"href":"https:\/\/shop.cafedeflore.fr\/es\/wp-json\/wp\/v2\/product_brand?post=89169"},{"taxonomy":"product_cat","embeddable":true,"href":"https:\/\/shop.cafedeflore.fr\/es\/wp-json\/wp\/v2\/product_cat?post=89169"},{"taxonomy":"product_tag","embeddable":true,"href":"https:\/\/shop.cafedeflore.fr\/es\/wp-json\/wp\/v2\/product_tag?post=89169"}],"curies":[{"name":"wp","href":"https:\/\/api.w.org\/{rel}","templated":true}]}}