{"id":692,"date":"2018-08-29T09:40:48","date_gmt":"2018-08-29T07:40:48","guid":{"rendered":"https:\/\/shop.cafedeflore.fr\/produit\/desayuno-2-personas\/"},"modified":"2021-03-03T12:54:20","modified_gmt":"2021-03-03T11:54:20","slug":"desayuno-2-personas","status":"publish","type":"product","link":"https:\/\/shop.cafedeflore.fr\/es\/produit\/desayuno-2-personas\/","title":{"rendered":"Desayuno 2 personas"},"content":{"rendered":"","protected":false},"excerpt":{"rendered":"<p>El ambiente del Caf\u00e9 de Flore en casa.<\/p>\n<p>Encuentre y recomponga el aut\u00e9ntico desayuno en casa. (para 2 personas)<\/p>\n<p>2 tazas de t\u00e9<\/p>\n<p>2 platos planos (17,5 cm)<\/p>\n<p>2 vasos de agua<\/p>\n<p>1 taza de azucar LOTUS<\/p>\n<p>1 jarras no 8<\/p>\n<p>2 hueveras<\/p>\n","protected":false},"featured_media":89099,"template":"","meta":[],"product_brand":[],"product_cat":[81,96],"product_tag":[],"class_list":{"0":"post-692","1":"product","2":"type-product","3":"status-publish","4":"has-post-thumbnail","6":"product_cat-combo_es","7":"product_cat-especial","9":"first","10":"instock","11":"taxable","12":"shipping-taxable","13":"purchasable","14":"product-type-simple"},"yoast_head":"<!-- This site is optimized with the Yoast SEO plugin v27.5 - https:\/\/yoast.com\/product\/yoast-seo-wordpress\/ -->\n<title>Desayuno 2 personas - Caf\u00e9 de Flore<\/title>\n<meta name=\"robots\" content=\"index, follow, max-snippet:-1, max-image-preview:large, max-video-preview:-1\" \/>\n<link rel=\"canonical\" href=\"https:\/\/shop.cafedeflore.fr\/es\/produit\/desayuno-2-personas\/\" \/>\n<meta property=\"og:locale\" content=\"es_ES\" \/>\n<meta property=\"og:type\" content=\"article\" \/>\n<meta property=\"og:title\" content=\"Desayuno 2 personas - Caf\u00e9 de Flore\" \/>\n<meta property=\"og:description\" content=\"El ambiente del Caf\u00e9 de Flore en casa.  Encuentre y recomponga el aut\u00e9ntico desayuno en casa. (para 2 personas)  2 tazas de t\u00e9  2 platos planos (17,5 cm)  2 vasos de agua  1 taza de azucar LOTUS  1 jarras no 8  2 hueveras\" \/>\n<meta property=\"og:url\" content=\"https:\/\/shop.cafedeflore.fr\/es\/produit\/desayuno-2-personas\/\" \/>\n<meta property=\"og:site_name\" content=\"Caf\u00e9 de Flore\" \/>\n<meta property=\"article:modified_time\" content=\"2021-03-03T11:54:20+00:00\" \/>\n<meta property=\"og:image\" content=\"https:\/\/shop.cafedeflore.fr\/wp-content\/uploads\/2018\/08\/petit-dejeuner-2-personnes.jpg\" \/>\n\t<meta property=\"og:image:width\" content=\"2000\" \/>\n\t<meta property=\"og:image:height\" content=\"2000\" \/>\n\t<meta property=\"og:image:type\" content=\"image\/jpeg\" \/>\n<meta name=\"twitter:card\" content=\"summary_large_image\" \/>\n<script type=\"application\/ld+json\" class=\"yoast-schema-graph\">{\"@context\":\"https:\\\/\\\/schema.org\",\"@graph\":[{\"@type\":\"WebPage\",\"@id\":\"https:\\\/\\\/shop.cafedeflore.fr\\\/es\\\/produit\\\/desayuno-2-personas\\\/\",\"url\":\"https:\\\/\\\/shop.cafedeflore.fr\\\/es\\\/produit\\\/desayuno-2-personas\\\/\",\"name\":\"Desayuno 2 personas - Caf\u00e9 de Flore\",\"isPartOf\":{\"@id\":\"https:\\\/\\\/shop.cafedeflore.fr\\\/es\\\/#website\"},\"primaryImageOfPage\":{\"@id\":\"https:\\\/\\\/shop.cafedeflore.fr\\\/es\\\/produit\\\/desayuno-2-personas\\\/#primaryimage\"},\"image\":{\"@id\":\"https:\\\/\\\/shop.cafedeflore.fr\\\/es\\\/produit\\\/desayuno-2-personas\\\/#primaryimage\"},\"thumbnailUrl\":\"https:\\\/\\\/shop.cafedeflore.fr\\\/wp-content\\\/uploads\\\/2018\\\/08\\\/Petit-dejeurner-2-personne_croissant.jpg\",\"datePublished\":\"2018-08-29T07:40:48+00:00\",\"dateModified\":\"2021-03-03T11:54:20+00:00\",\"breadcrumb\":{\"@id\":\"https:\\\/\\\/shop.cafedeflore.fr\\\/es\\\/produit\\\/desayuno-2-personas\\\/#breadcrumb\"},\"inLanguage\":\"es\",\"potentialAction\":[{\"@type\":\"ReadAction\",\"target\":[\"https:\\\/\\\/shop.cafedeflore.fr\\\/es\\\/produit\\\/desayuno-2-personas\\\/\"]}]},{\"@type\":\"ImageObject\",\"inLanguage\":\"es\",\"@id\":\"https:\\\/\\\/shop.cafedeflore.fr\\\/es\\\/produit\\\/desayuno-2-personas\\\/#primaryimage\",\"url\":\"https:\\\/\\\/shop.cafedeflore.fr\\\/wp-content\\\/uploads\\\/2018\\\/08\\\/Petit-dejeurner-2-personne_croissant.jpg\",\"contentUrl\":\"https:\\\/\\\/shop.cafedeflore.fr\\\/wp-content\\\/uploads\\\/2018\\\/08\\\/Petit-dejeurner-2-personne_croissant.jpg\",\"width\":2362,\"height\":2362},{\"@type\":\"BreadcrumbList\",\"@id\":\"https:\\\/\\\/shop.cafedeflore.fr\\\/es\\\/produit\\\/desayuno-2-personas\\\/#breadcrumb\",\"itemListElement\":[{\"@type\":\"ListItem\",\"position\":1,\"name\":\"Boutique\",\"item\":\"https:\\\/\\\/shop.cafedeflore.fr\\\/es\\\/boutique\\\/\"},{\"@type\":\"ListItem\",\"position\":2,\"name\":\"Desayuno 2 personas\"}]},{\"@type\":\"WebSite\",\"@id\":\"https:\\\/\\\/shop.cafedeflore.fr\\\/es\\\/#website\",\"url\":\"https:\\\/\\\/shop.cafedeflore.fr\\\/es\\\/\",\"name\":\"Caf\u00e9 de Flore\",\"description\":\"La boutique du Caf\u00e9 de Flore\",\"publisher\":{\"@id\":\"https:\\\/\\\/shop.cafedeflore.fr\\\/es\\\/#organization\"},\"potentialAction\":[{\"@type\":\"SearchAction\",\"target\":{\"@type\":\"EntryPoint\",\"urlTemplate\":\"https:\\\/\\\/shop.cafedeflore.fr\\\/es\\\/?s={search_term_string}\"},\"query-input\":{\"@type\":\"PropertyValueSpecification\",\"valueRequired\":true,\"valueName\":\"search_term_string\"}}],\"inLanguage\":\"es\"},{\"@type\":\"Organization\",\"@id\":\"https:\\\/\\\/shop.cafedeflore.fr\\\/es\\\/#organization\",\"name\":\"Caf\u00e9 de Flore\",\"url\":\"https:\\\/\\\/shop.cafedeflore.fr\\\/es\\\/\",\"logo\":{\"@type\":\"ImageObject\",\"inLanguage\":\"es\",\"@id\":\"https:\\\/\\\/shop.cafedeflore.fr\\\/es\\\/#\\\/schema\\\/logo\\\/image\\\/\",\"url\":\"https:\\\/\\\/shop.cafedeflore.fr\\\/wp-content\\\/uploads\\\/2021\\\/12\\\/cafe_de_flore_logo.png\",\"contentUrl\":\"https:\\\/\\\/shop.cafedeflore.fr\\\/wp-content\\\/uploads\\\/2021\\\/12\\\/cafe_de_flore_logo.png\",\"width\":370,\"height\":108,\"caption\":\"Caf\u00e9 de Flore\"},\"image\":{\"@id\":\"https:\\\/\\\/shop.cafedeflore.fr\\\/es\\\/#\\\/schema\\\/logo\\\/image\\\/\"}}]}<\/script>\n<!-- \/ Yoast SEO plugin. -->","yoast_head_json":{"title":"Desayuno 2 personas - Caf\u00e9 de Flore","robots":{"index":"index","follow":"follow","max-snippet":"max-snippet:-1","max-image-preview":"max-image-preview:large","max-video-preview":"max-video-preview:-1"},"canonical":"https:\/\/shop.cafedeflore.fr\/es\/produit\/desayuno-2-personas\/","og_locale":"es_ES","og_type":"article","og_title":"Desayuno 2 personas - Caf\u00e9 de Flore","og_description":"El ambiente del Caf\u00e9 de Flore en casa.  Encuentre y recomponga el aut\u00e9ntico desayuno en casa. (para 2 personas)  2 tazas de t\u00e9  2 platos planos (17,5 cm)  2 vasos de agua  1 taza de azucar LOTUS  1 jarras no 8  2 hueveras","og_url":"https:\/\/shop.cafedeflore.fr\/es\/produit\/desayuno-2-personas\/","og_site_name":"Caf\u00e9 de Flore","article_modified_time":"2021-03-03T11:54:20+00:00","og_image":[{"width":2000,"height":2000,"url":"https:\/\/shop.cafedeflore.fr\/wp-content\/uploads\/2018\/08\/petit-dejeuner-2-personnes.jpg","type":"image\/jpeg"}],"twitter_card":"summary_large_image","schema":{"@context":"https:\/\/schema.org","@graph":[{"@type":"WebPage","@id":"https:\/\/shop.cafedeflore.fr\/es\/produit\/desayuno-2-personas\/","url":"https:\/\/shop.cafedeflore.fr\/es\/produit\/desayuno-2-personas\/","name":"Desayuno 2 personas - Caf\u00e9 de Flore","isPartOf":{"@id":"https:\/\/shop.cafedeflore.fr\/es\/#website"},"primaryImageOfPage":{"@id":"https:\/\/shop.cafedeflore.fr\/es\/produit\/desayuno-2-personas\/#primaryimage"},"image":{"@id":"https:\/\/shop.cafedeflore.fr\/es\/produit\/desayuno-2-personas\/#primaryimage"},"thumbnailUrl":"https:\/\/shop.cafedeflore.fr\/wp-content\/uploads\/2018\/08\/Petit-dejeurner-2-personne_croissant.jpg","datePublished":"2018-08-29T07:40:48+00:00","dateModified":"2021-03-03T11:54:20+00:00","breadcrumb":{"@id":"https:\/\/shop.cafedeflore.fr\/es\/produit\/desayuno-2-personas\/#breadcrumb"},"inLanguage":"es","potentialAction":[{"@type":"ReadAction","target":["https:\/\/shop.cafedeflore.fr\/es\/produit\/desayuno-2-personas\/"]}]},{"@type":"ImageObject","inLanguage":"es","@id":"https:\/\/shop.cafedeflore.fr\/es\/produit\/desayuno-2-personas\/#primaryimage","url":"https:\/\/shop.cafedeflore.fr\/wp-content\/uploads\/2018\/08\/Petit-dejeurner-2-personne_croissant.jpg","contentUrl":"https:\/\/shop.cafedeflore.fr\/wp-content\/uploads\/2018\/08\/Petit-dejeurner-2-personne_croissant.jpg","width":2362,"height":2362},{"@type":"BreadcrumbList","@id":"https:\/\/shop.cafedeflore.fr\/es\/produit\/desayuno-2-personas\/#breadcrumb","itemListElement":[{"@type":"ListItem","position":1,"name":"Boutique","item":"https:\/\/shop.cafedeflore.fr\/es\/boutique\/"},{"@type":"ListItem","position":2,"name":"Desayuno 2 personas"}]},{"@type":"WebSite","@id":"https:\/\/shop.cafedeflore.fr\/es\/#website","url":"https:\/\/shop.cafedeflore.fr\/es\/","name":"Caf\u00e9 de Flore","description":"La boutique du Caf\u00e9 de Flore","publisher":{"@id":"https:\/\/shop.cafedeflore.fr\/es\/#organization"},"potentialAction":[{"@type":"SearchAction","target":{"@type":"EntryPoint","urlTemplate":"https:\/\/shop.cafedeflore.fr\/es\/?s={search_term_string}"},"query-input":{"@type":"PropertyValueSpecification","valueRequired":true,"valueName":"search_term_string"}}],"inLanguage":"es"},{"@type":"Organization","@id":"https:\/\/shop.cafedeflore.fr\/es\/#organization","name":"Caf\u00e9 de Flore","url":"https:\/\/shop.cafedeflore.fr\/es\/","logo":{"@type":"ImageObject","inLanguage":"es","@id":"https:\/\/shop.cafedeflore.fr\/es\/#\/schema\/logo\/image\/","url":"https:\/\/shop.cafedeflore.fr\/wp-content\/uploads\/2021\/12\/cafe_de_flore_logo.png","contentUrl":"https:\/\/shop.cafedeflore.fr\/wp-content\/uploads\/2021\/12\/cafe_de_flore_logo.png","width":370,"height":108,"caption":"Caf\u00e9 de Flore"},"image":{"@id":"https:\/\/shop.cafedeflore.fr\/es\/#\/schema\/logo\/image\/"}}]}},"_links":{"self":[{"href":"https:\/\/shop.cafedeflore.fr\/es\/wp-json\/wp\/v2\/product\/692","targetHints":{"allow":["GET"]}}],"collection":[{"href":"https:\/\/shop.cafedeflore.fr\/es\/wp-json\/wp\/v2\/product"}],"about":[{"href":"https:\/\/shop.cafedeflore.fr\/es\/wp-json\/wp\/v2\/types\/product"}],"wp:featuredmedia":[{"embeddable":true,"href":"https:\/\/shop.cafedeflore.fr\/es\/wp-json\/wp\/v2\/media\/89099"}],"wp:attachment":[{"href":"https:\/\/shop.cafedeflore.fr\/es\/wp-json\/wp\/v2\/media?parent=692"}],"wp:term":[{"taxonomy":"product_brand","embeddable":true,"href":"https:\/\/shop.cafedeflore.fr\/es\/wp-json\/wp\/v2\/product_brand?post=692"},{"taxonomy":"product_cat","embeddable":true,"href":"https:\/\/shop.cafedeflore.fr\/es\/wp-json\/wp\/v2\/product_cat?post=692"},{"taxonomy":"product_tag","embeddable":true,"href":"https:\/\/shop.cafedeflore.fr\/es\/wp-json\/wp\/v2\/product_tag?post=692"}],"curies":[{"name":"wp","href":"https:\/\/api.w.org\/{rel}","templated":true}]}}