{"id":598,"date":"2018-09-20T13:38:59","date_gmt":"2018-09-20T11:38:59","guid":{"rendered":"https:\/\/shop.cafedeflore.fr\/produit\/vaso-de-agua\/"},"modified":"2018-09-20T13:38:59","modified_gmt":"2018-09-20T11:38:59","slug":"vaso-de-agua","status":"publish","type":"product","link":"https:\/\/shop.cafedeflore.fr\/es\/produit\/vaso-de-agua\/","title":{"rendered":"Vaso de agua"},"content":{"rendered":"","protected":false},"excerpt":{"rendered":"<p>Peque\u00f1o vaso de agua que acompa\u00f1a al caf\u00e9. 16cl<\/p>\n","protected":false},"featured_media":599,"template":"","meta":[],"product_brand":[],"product_cat":[93],"product_tag":[],"class_list":{"0":"post-598","1":"product","2":"type-product","3":"status-publish","4":"has-post-thumbnail","6":"product_cat-vasos","8":"first","9":"instock","10":"taxable","11":"shipping-taxable","12":"purchasable","13":"product-type-simple"},"yoast_head":"<!-- This site is optimized with the Yoast SEO plugin v27.4 - https:\/\/yoast.com\/product\/yoast-seo-wordpress\/ -->\n<title>Vaso de agua - Caf\u00e9 de Flore<\/title>\n<meta name=\"robots\" content=\"index, follow, max-snippet:-1, max-image-preview:large, max-video-preview:-1\" \/>\n<link rel=\"canonical\" href=\"https:\/\/shop.cafedeflore.fr\/es\/produit\/vaso-de-agua\/\" \/>\n<meta property=\"og:locale\" content=\"es_ES\" \/>\n<meta property=\"og:type\" content=\"article\" \/>\n<meta property=\"og:title\" content=\"Vaso de agua - Caf\u00e9 de Flore\" \/>\n<meta property=\"og:description\" content=\"Peque\u00f1o vaso de agua que acompa\u00f1a al caf\u00e9. 16cl\" \/>\n<meta property=\"og:url\" content=\"https:\/\/shop.cafedeflore.fr\/es\/produit\/vaso-de-agua\/\" \/>\n<meta property=\"og:site_name\" content=\"Caf\u00e9 de Flore\" \/>\n<meta property=\"og:image\" content=\"https:\/\/shop.cafedeflore.fr\/wp-content\/uploads\/2018\/09\/31.jpg\" \/>\n\t<meta property=\"og:image:width\" content=\"2000\" \/>\n\t<meta property=\"og:image:height\" content=\"2000\" \/>\n\t<meta property=\"og:image:type\" content=\"image\/jpeg\" \/>\n<meta name=\"twitter:card\" content=\"summary_large_image\" \/>\n<script type=\"application\/ld+json\" class=\"yoast-schema-graph\">{\"@context\":\"https:\\\/\\\/schema.org\",\"@graph\":[{\"@type\":\"WebPage\",\"@id\":\"https:\\\/\\\/shop.cafedeflore.fr\\\/es\\\/produit\\\/vaso-de-agua\\\/\",\"url\":\"https:\\\/\\\/shop.cafedeflore.fr\\\/es\\\/produit\\\/vaso-de-agua\\\/\",\"name\":\"Vaso de agua - Caf\u00e9 de Flore\",\"isPartOf\":{\"@id\":\"https:\\\/\\\/shop.cafedeflore.fr\\\/es\\\/#website\"},\"primaryImageOfPage\":{\"@id\":\"https:\\\/\\\/shop.cafedeflore.fr\\\/es\\\/produit\\\/vaso-de-agua\\\/#primaryimage\"},\"image\":{\"@id\":\"https:\\\/\\\/shop.cafedeflore.fr\\\/es\\\/produit\\\/vaso-de-agua\\\/#primaryimage\"},\"thumbnailUrl\":\"https:\\\/\\\/shop.cafedeflore.fr\\\/wp-content\\\/uploads\\\/2018\\\/09\\\/31.jpg\",\"datePublished\":\"2018-09-20T11:38:59+00:00\",\"breadcrumb\":{\"@id\":\"https:\\\/\\\/shop.cafedeflore.fr\\\/es\\\/produit\\\/vaso-de-agua\\\/#breadcrumb\"},\"inLanguage\":\"es\",\"potentialAction\":[{\"@type\":\"ReadAction\",\"target\":[\"https:\\\/\\\/shop.cafedeflore.fr\\\/es\\\/produit\\\/vaso-de-agua\\\/\"]}]},{\"@type\":\"ImageObject\",\"inLanguage\":\"es\",\"@id\":\"https:\\\/\\\/shop.cafedeflore.fr\\\/es\\\/produit\\\/vaso-de-agua\\\/#primaryimage\",\"url\":\"https:\\\/\\\/shop.cafedeflore.fr\\\/wp-content\\\/uploads\\\/2018\\\/09\\\/31.jpg\",\"contentUrl\":\"https:\\\/\\\/shop.cafedeflore.fr\\\/wp-content\\\/uploads\\\/2018\\\/09\\\/31.jpg\",\"width\":2000,\"height\":2000},{\"@type\":\"BreadcrumbList\",\"@id\":\"https:\\\/\\\/shop.cafedeflore.fr\\\/es\\\/produit\\\/vaso-de-agua\\\/#breadcrumb\",\"itemListElement\":[{\"@type\":\"ListItem\",\"position\":1,\"name\":\"Boutique\",\"item\":\"https:\\\/\\\/shop.cafedeflore.fr\\\/es\\\/boutique\\\/\"},{\"@type\":\"ListItem\",\"position\":2,\"name\":\"Vaso de agua\"}]},{\"@type\":\"WebSite\",\"@id\":\"https:\\\/\\\/shop.cafedeflore.fr\\\/es\\\/#website\",\"url\":\"https:\\\/\\\/shop.cafedeflore.fr\\\/es\\\/\",\"name\":\"Caf\u00e9 de Flore\",\"description\":\"La boutique du Caf\u00e9 de Flore\",\"publisher\":{\"@id\":\"https:\\\/\\\/shop.cafedeflore.fr\\\/es\\\/#organization\"},\"potentialAction\":[{\"@type\":\"SearchAction\",\"target\":{\"@type\":\"EntryPoint\",\"urlTemplate\":\"https:\\\/\\\/shop.cafedeflore.fr\\\/es\\\/?s={search_term_string}\"},\"query-input\":{\"@type\":\"PropertyValueSpecification\",\"valueRequired\":true,\"valueName\":\"search_term_string\"}}],\"inLanguage\":\"es\"},{\"@type\":\"Organization\",\"@id\":\"https:\\\/\\\/shop.cafedeflore.fr\\\/es\\\/#organization\",\"name\":\"Caf\u00e9 de Flore\",\"url\":\"https:\\\/\\\/shop.cafedeflore.fr\\\/es\\\/\",\"logo\":{\"@type\":\"ImageObject\",\"inLanguage\":\"es\",\"@id\":\"https:\\\/\\\/shop.cafedeflore.fr\\\/es\\\/#\\\/schema\\\/logo\\\/image\\\/\",\"url\":\"https:\\\/\\\/shop.cafedeflore.fr\\\/wp-content\\\/uploads\\\/2021\\\/12\\\/cafe_de_flore_logo.png\",\"contentUrl\":\"https:\\\/\\\/shop.cafedeflore.fr\\\/wp-content\\\/uploads\\\/2021\\\/12\\\/cafe_de_flore_logo.png\",\"width\":370,\"height\":108,\"caption\":\"Caf\u00e9 de Flore\"},\"image\":{\"@id\":\"https:\\\/\\\/shop.cafedeflore.fr\\\/es\\\/#\\\/schema\\\/logo\\\/image\\\/\"}}]}<\/script>\n<!-- \/ Yoast SEO plugin. -->","yoast_head_json":{"title":"Vaso de agua - Caf\u00e9 de Flore","robots":{"index":"index","follow":"follow","max-snippet":"max-snippet:-1","max-image-preview":"max-image-preview:large","max-video-preview":"max-video-preview:-1"},"canonical":"https:\/\/shop.cafedeflore.fr\/es\/produit\/vaso-de-agua\/","og_locale":"es_ES","og_type":"article","og_title":"Vaso de agua - Caf\u00e9 de Flore","og_description":"Peque\u00f1o vaso de agua que acompa\u00f1a al caf\u00e9. 16cl","og_url":"https:\/\/shop.cafedeflore.fr\/es\/produit\/vaso-de-agua\/","og_site_name":"Caf\u00e9 de Flore","og_image":[{"width":2000,"height":2000,"url":"https:\/\/shop.cafedeflore.fr\/wp-content\/uploads\/2018\/09\/31.jpg","type":"image\/jpeg"}],"twitter_card":"summary_large_image","schema":{"@context":"https:\/\/schema.org","@graph":[{"@type":"WebPage","@id":"https:\/\/shop.cafedeflore.fr\/es\/produit\/vaso-de-agua\/","url":"https:\/\/shop.cafedeflore.fr\/es\/produit\/vaso-de-agua\/","name":"Vaso de agua - Caf\u00e9 de Flore","isPartOf":{"@id":"https:\/\/shop.cafedeflore.fr\/es\/#website"},"primaryImageOfPage":{"@id":"https:\/\/shop.cafedeflore.fr\/es\/produit\/vaso-de-agua\/#primaryimage"},"image":{"@id":"https:\/\/shop.cafedeflore.fr\/es\/produit\/vaso-de-agua\/#primaryimage"},"thumbnailUrl":"https:\/\/shop.cafedeflore.fr\/wp-content\/uploads\/2018\/09\/31.jpg","datePublished":"2018-09-20T11:38:59+00:00","breadcrumb":{"@id":"https:\/\/shop.cafedeflore.fr\/es\/produit\/vaso-de-agua\/#breadcrumb"},"inLanguage":"es","potentialAction":[{"@type":"ReadAction","target":["https:\/\/shop.cafedeflore.fr\/es\/produit\/vaso-de-agua\/"]}]},{"@type":"ImageObject","inLanguage":"es","@id":"https:\/\/shop.cafedeflore.fr\/es\/produit\/vaso-de-agua\/#primaryimage","url":"https:\/\/shop.cafedeflore.fr\/wp-content\/uploads\/2018\/09\/31.jpg","contentUrl":"https:\/\/shop.cafedeflore.fr\/wp-content\/uploads\/2018\/09\/31.jpg","width":2000,"height":2000},{"@type":"BreadcrumbList","@id":"https:\/\/shop.cafedeflore.fr\/es\/produit\/vaso-de-agua\/#breadcrumb","itemListElement":[{"@type":"ListItem","position":1,"name":"Boutique","item":"https:\/\/shop.cafedeflore.fr\/es\/boutique\/"},{"@type":"ListItem","position":2,"name":"Vaso de agua"}]},{"@type":"WebSite","@id":"https:\/\/shop.cafedeflore.fr\/es\/#website","url":"https:\/\/shop.cafedeflore.fr\/es\/","name":"Caf\u00e9 de Flore","description":"La boutique du Caf\u00e9 de Flore","publisher":{"@id":"https:\/\/shop.cafedeflore.fr\/es\/#organization"},"potentialAction":[{"@type":"SearchAction","target":{"@type":"EntryPoint","urlTemplate":"https:\/\/shop.cafedeflore.fr\/es\/?s={search_term_string}"},"query-input":{"@type":"PropertyValueSpecification","valueRequired":true,"valueName":"search_term_string"}}],"inLanguage":"es"},{"@type":"Organization","@id":"https:\/\/shop.cafedeflore.fr\/es\/#organization","name":"Caf\u00e9 de Flore","url":"https:\/\/shop.cafedeflore.fr\/es\/","logo":{"@type":"ImageObject","inLanguage":"es","@id":"https:\/\/shop.cafedeflore.fr\/es\/#\/schema\/logo\/image\/","url":"https:\/\/shop.cafedeflore.fr\/wp-content\/uploads\/2021\/12\/cafe_de_flore_logo.png","contentUrl":"https:\/\/shop.cafedeflore.fr\/wp-content\/uploads\/2021\/12\/cafe_de_flore_logo.png","width":370,"height":108,"caption":"Caf\u00e9 de Flore"},"image":{"@id":"https:\/\/shop.cafedeflore.fr\/es\/#\/schema\/logo\/image\/"}}]}},"_links":{"self":[{"href":"https:\/\/shop.cafedeflore.fr\/es\/wp-json\/wp\/v2\/product\/598","targetHints":{"allow":["GET"]}}],"collection":[{"href":"https:\/\/shop.cafedeflore.fr\/es\/wp-json\/wp\/v2\/product"}],"about":[{"href":"https:\/\/shop.cafedeflore.fr\/es\/wp-json\/wp\/v2\/types\/product"}],"wp:featuredmedia":[{"embeddable":true,"href":"https:\/\/shop.cafedeflore.fr\/es\/wp-json\/wp\/v2\/media\/599"}],"wp:attachment":[{"href":"https:\/\/shop.cafedeflore.fr\/es\/wp-json\/wp\/v2\/media?parent=598"}],"wp:term":[{"taxonomy":"product_brand","embeddable":true,"href":"https:\/\/shop.cafedeflore.fr\/es\/wp-json\/wp\/v2\/product_brand?post=598"},{"taxonomy":"product_cat","embeddable":true,"href":"https:\/\/shop.cafedeflore.fr\/es\/wp-json\/wp\/v2\/product_cat?post=598"},{"taxonomy":"product_tag","embeddable":true,"href":"https:\/\/shop.cafedeflore.fr\/es\/wp-json\/wp\/v2\/product_tag?post=598"}],"curies":[{"name":"wp","href":"https:\/\/api.w.org\/{rel}","templated":true}]}}