{"id":18125,"date":"2020-06-21T10:28:04","date_gmt":"2020-06-21T08:28:04","guid":{"rendered":"https:\/\/shop.cafedeflore.fr\/?post_type=product&#038;p=18125"},"modified":"2025-06-11T13:08:30","modified_gmt":"2025-06-11T11:08:30","slug":"tasse-a-cappuccino-grande","status":"publish","type":"product","link":"https:\/\/shop.cafedeflore.fr\/es\/produit\/tasse-a-cappuccino-grande\/","title":{"rendered":"Tasse \u00e0 Cappuccino (Grande)"},"content":{"rendered":"","protected":false},"excerpt":{"rendered":"<p>Grande tasse \u00e0 Cappuccino Caf\u00e9 de Flore, avec soucoupe.<\/p>\n","protected":false},"featured_media":16631,"template":"","meta":[],"product_brand":[],"product_cat":[221],"product_tag":[],"class_list":{"0":"post-18125","1":"product","2":"type-product","3":"status-publish","4":"has-post-thumbnail","6":"product_cat-tasse-es","8":"first","9":"outofstock","10":"taxable","11":"shipping-taxable","12":"purchasable","13":"product-type-simple"},"yoast_head":"<!-- This site is optimized with the Yoast SEO plugin v27.5 - https:\/\/yoast.com\/product\/yoast-seo-wordpress\/ -->\n<title>Tasse \u00e0 Cappuccino (Grande) - Caf\u00e9 de Flore<\/title>\n<meta name=\"robots\" content=\"index, follow, max-snippet:-1, max-image-preview:large, max-video-preview:-1\" \/>\n<link rel=\"canonical\" href=\"https:\/\/shop.cafedeflore.fr\/es\/produit\/tasse-a-cappuccino-grande\/\" \/>\n<meta property=\"og:locale\" content=\"es_ES\" \/>\n<meta property=\"og:type\" content=\"article\" \/>\n<meta property=\"og:title\" content=\"Tasse \u00e0 Cappuccino (Grande) - Caf\u00e9 de Flore\" \/>\n<meta property=\"og:description\" content=\"Grande tasse \u00e0 Cappuccino Caf\u00e9 de Flore, avec soucoupe.\" \/>\n<meta property=\"og:url\" content=\"https:\/\/shop.cafedeflore.fr\/es\/produit\/tasse-a-cappuccino-grande\/\" \/>\n<meta property=\"og:site_name\" content=\"Caf\u00e9 de Flore\" \/>\n<meta property=\"article:modified_time\" content=\"2025-06-11T11:08:30+00:00\" \/>\n<meta property=\"og:image\" content=\"https:\/\/shop.cafedeflore.fr\/wp-content\/uploads\/2020\/05\/Cappuecino-G.M.jpg\" \/>\n\t<meta property=\"og:image:width\" content=\"1978\" \/>\n\t<meta property=\"og:image:height\" content=\"2560\" \/>\n\t<meta property=\"og:image:type\" content=\"image\/jpeg\" \/>\n<meta name=\"twitter:card\" content=\"summary_large_image\" \/>\n<script type=\"application\/ld+json\" class=\"yoast-schema-graph\">{\"@context\":\"https:\\\/\\\/schema.org\",\"@graph\":[{\"@type\":\"WebPage\",\"@id\":\"https:\\\/\\\/shop.cafedeflore.fr\\\/es\\\/produit\\\/tasse-a-cappuccino-grande\\\/\",\"url\":\"https:\\\/\\\/shop.cafedeflore.fr\\\/es\\\/produit\\\/tasse-a-cappuccino-grande\\\/\",\"name\":\"Tasse \u00e0 Cappuccino (Grande) - Caf\u00e9 de Flore\",\"isPartOf\":{\"@id\":\"https:\\\/\\\/shop.cafedeflore.fr\\\/es\\\/#website\"},\"primaryImageOfPage\":{\"@id\":\"https:\\\/\\\/shop.cafedeflore.fr\\\/es\\\/produit\\\/tasse-a-cappuccino-grande\\\/#primaryimage\"},\"image\":{\"@id\":\"https:\\\/\\\/shop.cafedeflore.fr\\\/es\\\/produit\\\/tasse-a-cappuccino-grande\\\/#primaryimage\"},\"thumbnailUrl\":\"https:\\\/\\\/shop.cafedeflore.fr\\\/wp-content\\\/uploads\\\/2020\\\/05\\\/Cappuecino-G.M.jpg\",\"datePublished\":\"2020-06-21T08:28:04+00:00\",\"dateModified\":\"2025-06-11T11:08:30+00:00\",\"breadcrumb\":{\"@id\":\"https:\\\/\\\/shop.cafedeflore.fr\\\/es\\\/produit\\\/tasse-a-cappuccino-grande\\\/#breadcrumb\"},\"inLanguage\":\"es\",\"potentialAction\":[{\"@type\":\"ReadAction\",\"target\":[\"https:\\\/\\\/shop.cafedeflore.fr\\\/es\\\/produit\\\/tasse-a-cappuccino-grande\\\/\"]}]},{\"@type\":\"ImageObject\",\"inLanguage\":\"es\",\"@id\":\"https:\\\/\\\/shop.cafedeflore.fr\\\/es\\\/produit\\\/tasse-a-cappuccino-grande\\\/#primaryimage\",\"url\":\"https:\\\/\\\/shop.cafedeflore.fr\\\/wp-content\\\/uploads\\\/2020\\\/05\\\/Cappuecino-G.M.jpg\",\"contentUrl\":\"https:\\\/\\\/shop.cafedeflore.fr\\\/wp-content\\\/uploads\\\/2020\\\/05\\\/Cappuecino-G.M.jpg\",\"width\":1978,\"height\":2560},{\"@type\":\"BreadcrumbList\",\"@id\":\"https:\\\/\\\/shop.cafedeflore.fr\\\/es\\\/produit\\\/tasse-a-cappuccino-grande\\\/#breadcrumb\",\"itemListElement\":[{\"@type\":\"ListItem\",\"position\":1,\"name\":\"Boutique\",\"item\":\"https:\\\/\\\/shop.cafedeflore.fr\\\/es\\\/boutique\\\/\"},{\"@type\":\"ListItem\",\"position\":2,\"name\":\"Tasse \u00e0 Cappuccino (Grande)\"}]},{\"@type\":\"WebSite\",\"@id\":\"https:\\\/\\\/shop.cafedeflore.fr\\\/es\\\/#website\",\"url\":\"https:\\\/\\\/shop.cafedeflore.fr\\\/es\\\/\",\"name\":\"Caf\u00e9 de Flore\",\"description\":\"La boutique du Caf\u00e9 de Flore\",\"publisher\":{\"@id\":\"https:\\\/\\\/shop.cafedeflore.fr\\\/es\\\/#organization\"},\"potentialAction\":[{\"@type\":\"SearchAction\",\"target\":{\"@type\":\"EntryPoint\",\"urlTemplate\":\"https:\\\/\\\/shop.cafedeflore.fr\\\/es\\\/?s={search_term_string}\"},\"query-input\":{\"@type\":\"PropertyValueSpecification\",\"valueRequired\":true,\"valueName\":\"search_term_string\"}}],\"inLanguage\":\"es\"},{\"@type\":\"Organization\",\"@id\":\"https:\\\/\\\/shop.cafedeflore.fr\\\/es\\\/#organization\",\"name\":\"Caf\u00e9 de Flore\",\"url\":\"https:\\\/\\\/shop.cafedeflore.fr\\\/es\\\/\",\"logo\":{\"@type\":\"ImageObject\",\"inLanguage\":\"es\",\"@id\":\"https:\\\/\\\/shop.cafedeflore.fr\\\/es\\\/#\\\/schema\\\/logo\\\/image\\\/\",\"url\":\"https:\\\/\\\/shop.cafedeflore.fr\\\/wp-content\\\/uploads\\\/2021\\\/12\\\/cafe_de_flore_logo.png\",\"contentUrl\":\"https:\\\/\\\/shop.cafedeflore.fr\\\/wp-content\\\/uploads\\\/2021\\\/12\\\/cafe_de_flore_logo.png\",\"width\":370,\"height\":108,\"caption\":\"Caf\u00e9 de Flore\"},\"image\":{\"@id\":\"https:\\\/\\\/shop.cafedeflore.fr\\\/es\\\/#\\\/schema\\\/logo\\\/image\\\/\"}}]}<\/script>\n<!-- \/ Yoast SEO plugin. -->","yoast_head_json":{"title":"Tasse \u00e0 Cappuccino (Grande) - Caf\u00e9 de Flore","robots":{"index":"index","follow":"follow","max-snippet":"max-snippet:-1","max-image-preview":"max-image-preview:large","max-video-preview":"max-video-preview:-1"},"canonical":"https:\/\/shop.cafedeflore.fr\/es\/produit\/tasse-a-cappuccino-grande\/","og_locale":"es_ES","og_type":"article","og_title":"Tasse \u00e0 Cappuccino (Grande) - Caf\u00e9 de Flore","og_description":"Grande tasse \u00e0 Cappuccino Caf\u00e9 de Flore, avec soucoupe.","og_url":"https:\/\/shop.cafedeflore.fr\/es\/produit\/tasse-a-cappuccino-grande\/","og_site_name":"Caf\u00e9 de Flore","article_modified_time":"2025-06-11T11:08:30+00:00","og_image":[{"width":1978,"height":2560,"url":"https:\/\/shop.cafedeflore.fr\/wp-content\/uploads\/2020\/05\/Cappuecino-G.M.jpg","type":"image\/jpeg"}],"twitter_card":"summary_large_image","schema":{"@context":"https:\/\/schema.org","@graph":[{"@type":"WebPage","@id":"https:\/\/shop.cafedeflore.fr\/es\/produit\/tasse-a-cappuccino-grande\/","url":"https:\/\/shop.cafedeflore.fr\/es\/produit\/tasse-a-cappuccino-grande\/","name":"Tasse \u00e0 Cappuccino (Grande) - Caf\u00e9 de Flore","isPartOf":{"@id":"https:\/\/shop.cafedeflore.fr\/es\/#website"},"primaryImageOfPage":{"@id":"https:\/\/shop.cafedeflore.fr\/es\/produit\/tasse-a-cappuccino-grande\/#primaryimage"},"image":{"@id":"https:\/\/shop.cafedeflore.fr\/es\/produit\/tasse-a-cappuccino-grande\/#primaryimage"},"thumbnailUrl":"https:\/\/shop.cafedeflore.fr\/wp-content\/uploads\/2020\/05\/Cappuecino-G.M.jpg","datePublished":"2020-06-21T08:28:04+00:00","dateModified":"2025-06-11T11:08:30+00:00","breadcrumb":{"@id":"https:\/\/shop.cafedeflore.fr\/es\/produit\/tasse-a-cappuccino-grande\/#breadcrumb"},"inLanguage":"es","potentialAction":[{"@type":"ReadAction","target":["https:\/\/shop.cafedeflore.fr\/es\/produit\/tasse-a-cappuccino-grande\/"]}]},{"@type":"ImageObject","inLanguage":"es","@id":"https:\/\/shop.cafedeflore.fr\/es\/produit\/tasse-a-cappuccino-grande\/#primaryimage","url":"https:\/\/shop.cafedeflore.fr\/wp-content\/uploads\/2020\/05\/Cappuecino-G.M.jpg","contentUrl":"https:\/\/shop.cafedeflore.fr\/wp-content\/uploads\/2020\/05\/Cappuecino-G.M.jpg","width":1978,"height":2560},{"@type":"BreadcrumbList","@id":"https:\/\/shop.cafedeflore.fr\/es\/produit\/tasse-a-cappuccino-grande\/#breadcrumb","itemListElement":[{"@type":"ListItem","position":1,"name":"Boutique","item":"https:\/\/shop.cafedeflore.fr\/es\/boutique\/"},{"@type":"ListItem","position":2,"name":"Tasse \u00e0 Cappuccino (Grande)"}]},{"@type":"WebSite","@id":"https:\/\/shop.cafedeflore.fr\/es\/#website","url":"https:\/\/shop.cafedeflore.fr\/es\/","name":"Caf\u00e9 de Flore","description":"La boutique du Caf\u00e9 de Flore","publisher":{"@id":"https:\/\/shop.cafedeflore.fr\/es\/#organization"},"potentialAction":[{"@type":"SearchAction","target":{"@type":"EntryPoint","urlTemplate":"https:\/\/shop.cafedeflore.fr\/es\/?s={search_term_string}"},"query-input":{"@type":"PropertyValueSpecification","valueRequired":true,"valueName":"search_term_string"}}],"inLanguage":"es"},{"@type":"Organization","@id":"https:\/\/shop.cafedeflore.fr\/es\/#organization","name":"Caf\u00e9 de Flore","url":"https:\/\/shop.cafedeflore.fr\/es\/","logo":{"@type":"ImageObject","inLanguage":"es","@id":"https:\/\/shop.cafedeflore.fr\/es\/#\/schema\/logo\/image\/","url":"https:\/\/shop.cafedeflore.fr\/wp-content\/uploads\/2021\/12\/cafe_de_flore_logo.png","contentUrl":"https:\/\/shop.cafedeflore.fr\/wp-content\/uploads\/2021\/12\/cafe_de_flore_logo.png","width":370,"height":108,"caption":"Caf\u00e9 de Flore"},"image":{"@id":"https:\/\/shop.cafedeflore.fr\/es\/#\/schema\/logo\/image\/"}}]}},"_links":{"self":[{"href":"https:\/\/shop.cafedeflore.fr\/es\/wp-json\/wp\/v2\/product\/18125","targetHints":{"allow":["GET"]}}],"collection":[{"href":"https:\/\/shop.cafedeflore.fr\/es\/wp-json\/wp\/v2\/product"}],"about":[{"href":"https:\/\/shop.cafedeflore.fr\/es\/wp-json\/wp\/v2\/types\/product"}],"wp:featuredmedia":[{"embeddable":true,"href":"https:\/\/shop.cafedeflore.fr\/es\/wp-json\/wp\/v2\/media\/16631"}],"wp:attachment":[{"href":"https:\/\/shop.cafedeflore.fr\/es\/wp-json\/wp\/v2\/media?parent=18125"}],"wp:term":[{"taxonomy":"product_brand","embeddable":true,"href":"https:\/\/shop.cafedeflore.fr\/es\/wp-json\/wp\/v2\/product_brand?post=18125"},{"taxonomy":"product_cat","embeddable":true,"href":"https:\/\/shop.cafedeflore.fr\/es\/wp-json\/wp\/v2\/product_cat?post=18125"},{"taxonomy":"product_tag","embeddable":true,"href":"https:\/\/shop.cafedeflore.fr\/es\/wp-json\/wp\/v2\/product_tag?post=18125"}],"curies":[{"name":"wp","href":"https:\/\/api.w.org\/{rel}","templated":true}]}}