{"id":18973,"date":"2020-12-28T11:05:53","date_gmt":"2020-12-28T10:05:53","guid":{"rendered":"https:\/\/shop.cafedeflore.fr\/produit\/soupiere-tete-de-lion\/"},"modified":"2024-12-04T10:14:41","modified_gmt":"2024-12-04T09:14:41","slug":"soupiere-tete-de-lion","status":"publish","type":"product","link":"https:\/\/shop.cafedeflore.fr\/en\/produit\/soupiere-tete-de-lion\/","title":{"rendered":"Soupi\u00e8re T\u00eate de Lion"},"content":{"rendered":"","protected":false},"excerpt":{"rendered":"<p>Soupi\u00e8re T\u00eate de Lion Caf\u00e9 de Flore.<\/p>\n<p>Id\u00e9ale pour les traditionnelles soupes \u00e0 l&#8217;oignon.<\/p>\n","protected":false},"featured_media":18970,"template":"","meta":[],"product_brand":[],"product_cat":[82],"product_tag":[],"class_list":{"0":"post-18973","1":"product","2":"type-product","3":"status-publish","4":"has-post-thumbnail","6":"product_cat-crockery","8":"first","9":"instock","10":"taxable","11":"shipping-taxable","12":"purchasable","13":"product-type-simple"},"yoast_head":"<!-- This site is optimized with the Yoast SEO plugin v27.5 - https:\/\/yoast.com\/product\/yoast-seo-wordpress\/ -->\n<title>Soupi\u00e8re T\u00eate de Lion - Caf\u00e9 de Flore<\/title>\n<meta name=\"robots\" content=\"index, follow, max-snippet:-1, max-image-preview:large, max-video-preview:-1\" \/>\n<link rel=\"canonical\" href=\"https:\/\/shop.cafedeflore.fr\/en\/produit\/soupiere-tete-de-lion\/\" \/>\n<meta property=\"og:locale\" content=\"en_US\" \/>\n<meta property=\"og:type\" content=\"article\" \/>\n<meta property=\"og:title\" content=\"Soupi\u00e8re T\u00eate de Lion - Caf\u00e9 de Flore\" \/>\n<meta property=\"og:description\" content=\"Soupi\u00e8re T\u00eate de Lion Caf\u00e9 de Flore.  Id\u00e9ale pour les traditionnelles soupes \u00e0 l&#039;oignon.\" \/>\n<meta property=\"og:url\" content=\"https:\/\/shop.cafedeflore.fr\/en\/produit\/soupiere-tete-de-lion\/\" \/>\n<meta property=\"og:site_name\" content=\"Caf\u00e9 de Flore\" \/>\n<meta property=\"article:modified_time\" content=\"2024-12-04T09:14:41+00:00\" \/>\n<meta property=\"og:image\" content=\"https:\/\/shop.cafedeflore.fr\/wp-content\/uploads\/2020\/12\/DSC_3693-scaled.jpg\" \/>\n\t<meta property=\"og:image:width\" content=\"2560\" \/>\n\t<meta property=\"og:image:height\" content=\"1707\" \/>\n\t<meta property=\"og:image:type\" content=\"image\/jpeg\" \/>\n<meta name=\"twitter:card\" content=\"summary_large_image\" \/>\n<script type=\"application\/ld+json\" class=\"yoast-schema-graph\">{\"@context\":\"https:\\\/\\\/schema.org\",\"@graph\":[{\"@type\":\"WebPage\",\"@id\":\"https:\\\/\\\/shop.cafedeflore.fr\\\/en\\\/produit\\\/soupiere-tete-de-lion\\\/\",\"url\":\"https:\\\/\\\/shop.cafedeflore.fr\\\/en\\\/produit\\\/soupiere-tete-de-lion\\\/\",\"name\":\"Soupi\u00e8re T\u00eate de Lion - Caf\u00e9 de Flore\",\"isPartOf\":{\"@id\":\"https:\\\/\\\/shop.cafedeflore.fr\\\/en\\\/#website\"},\"primaryImageOfPage\":{\"@id\":\"https:\\\/\\\/shop.cafedeflore.fr\\\/en\\\/produit\\\/soupiere-tete-de-lion\\\/#primaryimage\"},\"image\":{\"@id\":\"https:\\\/\\\/shop.cafedeflore.fr\\\/en\\\/produit\\\/soupiere-tete-de-lion\\\/#primaryimage\"},\"thumbnailUrl\":\"https:\\\/\\\/shop.cafedeflore.fr\\\/wp-content\\\/uploads\\\/2020\\\/12\\\/DSC_3693-scaled.jpg\",\"datePublished\":\"2020-12-28T10:05:53+00:00\",\"dateModified\":\"2024-12-04T09:14:41+00:00\",\"breadcrumb\":{\"@id\":\"https:\\\/\\\/shop.cafedeflore.fr\\\/en\\\/produit\\\/soupiere-tete-de-lion\\\/#breadcrumb\"},\"inLanguage\":\"en-US\",\"potentialAction\":[{\"@type\":\"ReadAction\",\"target\":[\"https:\\\/\\\/shop.cafedeflore.fr\\\/en\\\/produit\\\/soupiere-tete-de-lion\\\/\"]}]},{\"@type\":\"ImageObject\",\"inLanguage\":\"en-US\",\"@id\":\"https:\\\/\\\/shop.cafedeflore.fr\\\/en\\\/produit\\\/soupiere-tete-de-lion\\\/#primaryimage\",\"url\":\"https:\\\/\\\/shop.cafedeflore.fr\\\/wp-content\\\/uploads\\\/2020\\\/12\\\/DSC_3693-scaled.jpg\",\"contentUrl\":\"https:\\\/\\\/shop.cafedeflore.fr\\\/wp-content\\\/uploads\\\/2020\\\/12\\\/DSC_3693-scaled.jpg\",\"width\":2560,\"height\":1707},{\"@type\":\"BreadcrumbList\",\"@id\":\"https:\\\/\\\/shop.cafedeflore.fr\\\/en\\\/produit\\\/soupiere-tete-de-lion\\\/#breadcrumb\",\"itemListElement\":[{\"@type\":\"ListItem\",\"position\":1,\"name\":\"Boutique\",\"item\":\"https:\\\/\\\/shop.cafedeflore.fr\\\/en\\\/boutique\\\/\"},{\"@type\":\"ListItem\",\"position\":2,\"name\":\"Soupi\u00e8re T\u00eate de Lion\"}]},{\"@type\":\"WebSite\",\"@id\":\"https:\\\/\\\/shop.cafedeflore.fr\\\/en\\\/#website\",\"url\":\"https:\\\/\\\/shop.cafedeflore.fr\\\/en\\\/\",\"name\":\"Caf\u00e9 de Flore\",\"description\":\"La boutique du Caf\u00e9 de Flore\",\"publisher\":{\"@id\":\"https:\\\/\\\/shop.cafedeflore.fr\\\/en\\\/#organization\"},\"potentialAction\":[{\"@type\":\"SearchAction\",\"target\":{\"@type\":\"EntryPoint\",\"urlTemplate\":\"https:\\\/\\\/shop.cafedeflore.fr\\\/en\\\/?s={search_term_string}\"},\"query-input\":{\"@type\":\"PropertyValueSpecification\",\"valueRequired\":true,\"valueName\":\"search_term_string\"}}],\"inLanguage\":\"en-US\"},{\"@type\":\"Organization\",\"@id\":\"https:\\\/\\\/shop.cafedeflore.fr\\\/en\\\/#organization\",\"name\":\"Caf\u00e9 de Flore\",\"url\":\"https:\\\/\\\/shop.cafedeflore.fr\\\/en\\\/\",\"logo\":{\"@type\":\"ImageObject\",\"inLanguage\":\"en-US\",\"@id\":\"https:\\\/\\\/shop.cafedeflore.fr\\\/en\\\/#\\\/schema\\\/logo\\\/image\\\/\",\"url\":\"https:\\\/\\\/shop.cafedeflore.fr\\\/wp-content\\\/uploads\\\/2021\\\/12\\\/cafe_de_flore_logo.png\",\"contentUrl\":\"https:\\\/\\\/shop.cafedeflore.fr\\\/wp-content\\\/uploads\\\/2021\\\/12\\\/cafe_de_flore_logo.png\",\"width\":370,\"height\":108,\"caption\":\"Caf\u00e9 de Flore\"},\"image\":{\"@id\":\"https:\\\/\\\/shop.cafedeflore.fr\\\/en\\\/#\\\/schema\\\/logo\\\/image\\\/\"}}]}<\/script>\n<!-- \/ Yoast SEO plugin. -->","yoast_head_json":{"title":"Soupi\u00e8re T\u00eate de Lion - Caf\u00e9 de Flore","robots":{"index":"index","follow":"follow","max-snippet":"max-snippet:-1","max-image-preview":"max-image-preview:large","max-video-preview":"max-video-preview:-1"},"canonical":"https:\/\/shop.cafedeflore.fr\/en\/produit\/soupiere-tete-de-lion\/","og_locale":"en_US","og_type":"article","og_title":"Soupi\u00e8re T\u00eate de Lion - Caf\u00e9 de Flore","og_description":"Soupi\u00e8re T\u00eate de Lion Caf\u00e9 de Flore.  Id\u00e9ale pour les traditionnelles soupes \u00e0 l'oignon.","og_url":"https:\/\/shop.cafedeflore.fr\/en\/produit\/soupiere-tete-de-lion\/","og_site_name":"Caf\u00e9 de Flore","article_modified_time":"2024-12-04T09:14:41+00:00","og_image":[{"width":2560,"height":1707,"url":"https:\/\/shop.cafedeflore.fr\/wp-content\/uploads\/2020\/12\/DSC_3693-scaled.jpg","type":"image\/jpeg"}],"twitter_card":"summary_large_image","schema":{"@context":"https:\/\/schema.org","@graph":[{"@type":"WebPage","@id":"https:\/\/shop.cafedeflore.fr\/en\/produit\/soupiere-tete-de-lion\/","url":"https:\/\/shop.cafedeflore.fr\/en\/produit\/soupiere-tete-de-lion\/","name":"Soupi\u00e8re T\u00eate de Lion - Caf\u00e9 de Flore","isPartOf":{"@id":"https:\/\/shop.cafedeflore.fr\/en\/#website"},"primaryImageOfPage":{"@id":"https:\/\/shop.cafedeflore.fr\/en\/produit\/soupiere-tete-de-lion\/#primaryimage"},"image":{"@id":"https:\/\/shop.cafedeflore.fr\/en\/produit\/soupiere-tete-de-lion\/#primaryimage"},"thumbnailUrl":"https:\/\/shop.cafedeflore.fr\/wp-content\/uploads\/2020\/12\/DSC_3693-scaled.jpg","datePublished":"2020-12-28T10:05:53+00:00","dateModified":"2024-12-04T09:14:41+00:00","breadcrumb":{"@id":"https:\/\/shop.cafedeflore.fr\/en\/produit\/soupiere-tete-de-lion\/#breadcrumb"},"inLanguage":"en-US","potentialAction":[{"@type":"ReadAction","target":["https:\/\/shop.cafedeflore.fr\/en\/produit\/soupiere-tete-de-lion\/"]}]},{"@type":"ImageObject","inLanguage":"en-US","@id":"https:\/\/shop.cafedeflore.fr\/en\/produit\/soupiere-tete-de-lion\/#primaryimage","url":"https:\/\/shop.cafedeflore.fr\/wp-content\/uploads\/2020\/12\/DSC_3693-scaled.jpg","contentUrl":"https:\/\/shop.cafedeflore.fr\/wp-content\/uploads\/2020\/12\/DSC_3693-scaled.jpg","width":2560,"height":1707},{"@type":"BreadcrumbList","@id":"https:\/\/shop.cafedeflore.fr\/en\/produit\/soupiere-tete-de-lion\/#breadcrumb","itemListElement":[{"@type":"ListItem","position":1,"name":"Boutique","item":"https:\/\/shop.cafedeflore.fr\/en\/boutique\/"},{"@type":"ListItem","position":2,"name":"Soupi\u00e8re T\u00eate de Lion"}]},{"@type":"WebSite","@id":"https:\/\/shop.cafedeflore.fr\/en\/#website","url":"https:\/\/shop.cafedeflore.fr\/en\/","name":"Caf\u00e9 de Flore","description":"La boutique du Caf\u00e9 de Flore","publisher":{"@id":"https:\/\/shop.cafedeflore.fr\/en\/#organization"},"potentialAction":[{"@type":"SearchAction","target":{"@type":"EntryPoint","urlTemplate":"https:\/\/shop.cafedeflore.fr\/en\/?s={search_term_string}"},"query-input":{"@type":"PropertyValueSpecification","valueRequired":true,"valueName":"search_term_string"}}],"inLanguage":"en-US"},{"@type":"Organization","@id":"https:\/\/shop.cafedeflore.fr\/en\/#organization","name":"Caf\u00e9 de Flore","url":"https:\/\/shop.cafedeflore.fr\/en\/","logo":{"@type":"ImageObject","inLanguage":"en-US","@id":"https:\/\/shop.cafedeflore.fr\/en\/#\/schema\/logo\/image\/","url":"https:\/\/shop.cafedeflore.fr\/wp-content\/uploads\/2021\/12\/cafe_de_flore_logo.png","contentUrl":"https:\/\/shop.cafedeflore.fr\/wp-content\/uploads\/2021\/12\/cafe_de_flore_logo.png","width":370,"height":108,"caption":"Caf\u00e9 de Flore"},"image":{"@id":"https:\/\/shop.cafedeflore.fr\/en\/#\/schema\/logo\/image\/"}}]}},"_links":{"self":[{"href":"https:\/\/shop.cafedeflore.fr\/en\/wp-json\/wp\/v2\/product\/18973","targetHints":{"allow":["GET"]}}],"collection":[{"href":"https:\/\/shop.cafedeflore.fr\/en\/wp-json\/wp\/v2\/product"}],"about":[{"href":"https:\/\/shop.cafedeflore.fr\/en\/wp-json\/wp\/v2\/types\/product"}],"wp:featuredmedia":[{"embeddable":true,"href":"https:\/\/shop.cafedeflore.fr\/en\/wp-json\/wp\/v2\/media\/18970"}],"wp:attachment":[{"href":"https:\/\/shop.cafedeflore.fr\/en\/wp-json\/wp\/v2\/media?parent=18973"}],"wp:term":[{"taxonomy":"product_brand","embeddable":true,"href":"https:\/\/shop.cafedeflore.fr\/en\/wp-json\/wp\/v2\/product_brand?post=18973"},{"taxonomy":"product_cat","embeddable":true,"href":"https:\/\/shop.cafedeflore.fr\/en\/wp-json\/wp\/v2\/product_cat?post=18973"},{"taxonomy":"product_tag","embeddable":true,"href":"https:\/\/shop.cafedeflore.fr\/en\/wp-json\/wp\/v2\/product_tag?post=18973"}],"curies":[{"name":"wp","href":"https:\/\/api.w.org\/{rel}","templated":true}]}}