{"id":18134,"date":"2020-06-21T12:36:09","date_gmt":"2020-06-21T10:36:09","guid":{"rendered":"https:\/\/shop.cafedeflore.fr\/?post_type=product&#038;p=18134"},"modified":"2024-05-06T15:24:47","modified_gmt":"2024-05-06T13:24:47","slug":"linstant-the-de-flore","status":"publish","type":"product","link":"https:\/\/shop.cafedeflore.fr\/en\/produit\/linstant-the-de-flore\/","title":{"rendered":"L&#8217;instant Th\u00e9 de Flore"},"content":{"rendered":"","protected":false},"excerpt":{"rendered":"<p>L&#8217;instant Th\u00e9 de Flore.<\/p>\n<p>2 Tasses \u00e0 Th\u00e9 + soucoupe 15cl<\/p>\n<p>1 Th\u00e9 de Flore, Bo\u00eete m\u00e9tal de 15 sachets voile v\u00e9g\u00e9tale.<\/p>\n","protected":false},"featured_media":16649,"template":"","meta":[],"product_brand":[],"product_cat":[79,94],"product_tag":[],"class_list":{"0":"post-18134","1":"product","2":"type-product","3":"status-publish","4":"has-post-thumbnail","6":"product_cat-combo-en","7":"product_cat-special","9":"first","10":"instock","11":"taxable","12":"shipping-taxable","13":"purchasable","14":"product-type-simple"},"yoast_head":"<!-- This site is optimized with the Yoast SEO plugin v27.4 - https:\/\/yoast.com\/product\/yoast-seo-wordpress\/ -->\n<title>L&#039;instant Th\u00e9 de Flore - Caf\u00e9 de Flore<\/title>\n<meta name=\"robots\" content=\"index, follow, max-snippet:-1, max-image-preview:large, max-video-preview:-1\" \/>\n<link rel=\"canonical\" href=\"https:\/\/shop.cafedeflore.fr\/en\/produit\/linstant-the-de-flore\/\" \/>\n<meta property=\"og:locale\" content=\"en_US\" \/>\n<meta property=\"og:type\" content=\"article\" \/>\n<meta property=\"og:title\" content=\"L&#039;instant Th\u00e9 de Flore - Caf\u00e9 de Flore\" \/>\n<meta property=\"og:description\" content=\"L&#039;instant Th\u00e9 de Flore.  2 Tasses \u00e0 Th\u00e9 + soucoupe 15cl  1 Th\u00e9 de Flore, Bo\u00eete m\u00e9tal de 15 sachets voile v\u00e9g\u00e9tale.\" \/>\n<meta property=\"og:url\" content=\"https:\/\/shop.cafedeflore.fr\/en\/produit\/linstant-the-de-flore\/\" \/>\n<meta property=\"og:site_name\" content=\"Caf\u00e9 de Flore\" \/>\n<meta property=\"article:modified_time\" content=\"2024-05-06T13:24:47+00:00\" \/>\n<meta property=\"og:image\" content=\"https:\/\/shop.cafedeflore.fr\/wp-content\/uploads\/2020\/05\/IMG_4267.jpg\" \/>\n\t<meta property=\"og:image:width\" content=\"2560\" \/>\n\t<meta property=\"og:image:height\" content=\"1978\" \/>\n\t<meta property=\"og:image:type\" content=\"image\/jpeg\" \/>\n<meta name=\"twitter:card\" content=\"summary_large_image\" \/>\n<script type=\"application\/ld+json\" class=\"yoast-schema-graph\">{\"@context\":\"https:\\\/\\\/schema.org\",\"@graph\":[{\"@type\":\"WebPage\",\"@id\":\"https:\\\/\\\/shop.cafedeflore.fr\\\/en\\\/produit\\\/linstant-the-de-flore\\\/\",\"url\":\"https:\\\/\\\/shop.cafedeflore.fr\\\/en\\\/produit\\\/linstant-the-de-flore\\\/\",\"name\":\"L'instant Th\u00e9 de Flore - Caf\u00e9 de Flore\",\"isPartOf\":{\"@id\":\"https:\\\/\\\/shop.cafedeflore.fr\\\/en\\\/#website\"},\"primaryImageOfPage\":{\"@id\":\"https:\\\/\\\/shop.cafedeflore.fr\\\/en\\\/produit\\\/linstant-the-de-flore\\\/#primaryimage\"},\"image\":{\"@id\":\"https:\\\/\\\/shop.cafedeflore.fr\\\/en\\\/produit\\\/linstant-the-de-flore\\\/#primaryimage\"},\"thumbnailUrl\":\"https:\\\/\\\/shop.cafedeflore.fr\\\/wp-content\\\/uploads\\\/2020\\\/05\\\/IMG_4267.jpg\",\"datePublished\":\"2020-06-21T10:36:09+00:00\",\"dateModified\":\"2024-05-06T13:24:47+00:00\",\"breadcrumb\":{\"@id\":\"https:\\\/\\\/shop.cafedeflore.fr\\\/en\\\/produit\\\/linstant-the-de-flore\\\/#breadcrumb\"},\"inLanguage\":\"en-US\",\"potentialAction\":[{\"@type\":\"ReadAction\",\"target\":[\"https:\\\/\\\/shop.cafedeflore.fr\\\/en\\\/produit\\\/linstant-the-de-flore\\\/\"]}]},{\"@type\":\"ImageObject\",\"inLanguage\":\"en-US\",\"@id\":\"https:\\\/\\\/shop.cafedeflore.fr\\\/en\\\/produit\\\/linstant-the-de-flore\\\/#primaryimage\",\"url\":\"https:\\\/\\\/shop.cafedeflore.fr\\\/wp-content\\\/uploads\\\/2020\\\/05\\\/IMG_4267.jpg\",\"contentUrl\":\"https:\\\/\\\/shop.cafedeflore.fr\\\/wp-content\\\/uploads\\\/2020\\\/05\\\/IMG_4267.jpg\",\"width\":2560,\"height\":1978},{\"@type\":\"BreadcrumbList\",\"@id\":\"https:\\\/\\\/shop.cafedeflore.fr\\\/en\\\/produit\\\/linstant-the-de-flore\\\/#breadcrumb\",\"itemListElement\":[{\"@type\":\"ListItem\",\"position\":1,\"name\":\"Boutique\",\"item\":\"https:\\\/\\\/shop.cafedeflore.fr\\\/en\\\/boutique\\\/\"},{\"@type\":\"ListItem\",\"position\":2,\"name\":\"L&rsquo;instant Th\u00e9 de Flore\"}]},{\"@type\":\"WebSite\",\"@id\":\"https:\\\/\\\/shop.cafedeflore.fr\\\/en\\\/#website\",\"url\":\"https:\\\/\\\/shop.cafedeflore.fr\\\/en\\\/\",\"name\":\"Caf\u00e9 de Flore\",\"description\":\"La boutique du Caf\u00e9 de Flore\",\"publisher\":{\"@id\":\"https:\\\/\\\/shop.cafedeflore.fr\\\/en\\\/#organization\"},\"potentialAction\":[{\"@type\":\"SearchAction\",\"target\":{\"@type\":\"EntryPoint\",\"urlTemplate\":\"https:\\\/\\\/shop.cafedeflore.fr\\\/en\\\/?s={search_term_string}\"},\"query-input\":{\"@type\":\"PropertyValueSpecification\",\"valueRequired\":true,\"valueName\":\"search_term_string\"}}],\"inLanguage\":\"en-US\"},{\"@type\":\"Organization\",\"@id\":\"https:\\\/\\\/shop.cafedeflore.fr\\\/en\\\/#organization\",\"name\":\"Caf\u00e9 de Flore\",\"url\":\"https:\\\/\\\/shop.cafedeflore.fr\\\/en\\\/\",\"logo\":{\"@type\":\"ImageObject\",\"inLanguage\":\"en-US\",\"@id\":\"https:\\\/\\\/shop.cafedeflore.fr\\\/en\\\/#\\\/schema\\\/logo\\\/image\\\/\",\"url\":\"https:\\\/\\\/shop.cafedeflore.fr\\\/wp-content\\\/uploads\\\/2021\\\/12\\\/cafe_de_flore_logo.png\",\"contentUrl\":\"https:\\\/\\\/shop.cafedeflore.fr\\\/wp-content\\\/uploads\\\/2021\\\/12\\\/cafe_de_flore_logo.png\",\"width\":370,\"height\":108,\"caption\":\"Caf\u00e9 de Flore\"},\"image\":{\"@id\":\"https:\\\/\\\/shop.cafedeflore.fr\\\/en\\\/#\\\/schema\\\/logo\\\/image\\\/\"}}]}<\/script>\n<!-- \/ Yoast SEO plugin. -->","yoast_head_json":{"title":"L'instant Th\u00e9 de Flore - Caf\u00e9 de Flore","robots":{"index":"index","follow":"follow","max-snippet":"max-snippet:-1","max-image-preview":"max-image-preview:large","max-video-preview":"max-video-preview:-1"},"canonical":"https:\/\/shop.cafedeflore.fr\/en\/produit\/linstant-the-de-flore\/","og_locale":"en_US","og_type":"article","og_title":"L'instant Th\u00e9 de Flore - Caf\u00e9 de Flore","og_description":"L'instant Th\u00e9 de Flore.  2 Tasses \u00e0 Th\u00e9 + soucoupe 15cl  1 Th\u00e9 de Flore, Bo\u00eete m\u00e9tal de 15 sachets voile v\u00e9g\u00e9tale.","og_url":"https:\/\/shop.cafedeflore.fr\/en\/produit\/linstant-the-de-flore\/","og_site_name":"Caf\u00e9 de Flore","article_modified_time":"2024-05-06T13:24:47+00:00","og_image":[{"width":2560,"height":1978,"url":"https:\/\/shop.cafedeflore.fr\/wp-content\/uploads\/2020\/05\/IMG_4267.jpg","type":"image\/jpeg"}],"twitter_card":"summary_large_image","schema":{"@context":"https:\/\/schema.org","@graph":[{"@type":"WebPage","@id":"https:\/\/shop.cafedeflore.fr\/en\/produit\/linstant-the-de-flore\/","url":"https:\/\/shop.cafedeflore.fr\/en\/produit\/linstant-the-de-flore\/","name":"L'instant Th\u00e9 de Flore - Caf\u00e9 de Flore","isPartOf":{"@id":"https:\/\/shop.cafedeflore.fr\/en\/#website"},"primaryImageOfPage":{"@id":"https:\/\/shop.cafedeflore.fr\/en\/produit\/linstant-the-de-flore\/#primaryimage"},"image":{"@id":"https:\/\/shop.cafedeflore.fr\/en\/produit\/linstant-the-de-flore\/#primaryimage"},"thumbnailUrl":"https:\/\/shop.cafedeflore.fr\/wp-content\/uploads\/2020\/05\/IMG_4267.jpg","datePublished":"2020-06-21T10:36:09+00:00","dateModified":"2024-05-06T13:24:47+00:00","breadcrumb":{"@id":"https:\/\/shop.cafedeflore.fr\/en\/produit\/linstant-the-de-flore\/#breadcrumb"},"inLanguage":"en-US","potentialAction":[{"@type":"ReadAction","target":["https:\/\/shop.cafedeflore.fr\/en\/produit\/linstant-the-de-flore\/"]}]},{"@type":"ImageObject","inLanguage":"en-US","@id":"https:\/\/shop.cafedeflore.fr\/en\/produit\/linstant-the-de-flore\/#primaryimage","url":"https:\/\/shop.cafedeflore.fr\/wp-content\/uploads\/2020\/05\/IMG_4267.jpg","contentUrl":"https:\/\/shop.cafedeflore.fr\/wp-content\/uploads\/2020\/05\/IMG_4267.jpg","width":2560,"height":1978},{"@type":"BreadcrumbList","@id":"https:\/\/shop.cafedeflore.fr\/en\/produit\/linstant-the-de-flore\/#breadcrumb","itemListElement":[{"@type":"ListItem","position":1,"name":"Boutique","item":"https:\/\/shop.cafedeflore.fr\/en\/boutique\/"},{"@type":"ListItem","position":2,"name":"L&rsquo;instant Th\u00e9 de Flore"}]},{"@type":"WebSite","@id":"https:\/\/shop.cafedeflore.fr\/en\/#website","url":"https:\/\/shop.cafedeflore.fr\/en\/","name":"Caf\u00e9 de Flore","description":"La boutique du Caf\u00e9 de Flore","publisher":{"@id":"https:\/\/shop.cafedeflore.fr\/en\/#organization"},"potentialAction":[{"@type":"SearchAction","target":{"@type":"EntryPoint","urlTemplate":"https:\/\/shop.cafedeflore.fr\/en\/?s={search_term_string}"},"query-input":{"@type":"PropertyValueSpecification","valueRequired":true,"valueName":"search_term_string"}}],"inLanguage":"en-US"},{"@type":"Organization","@id":"https:\/\/shop.cafedeflore.fr\/en\/#organization","name":"Caf\u00e9 de Flore","url":"https:\/\/shop.cafedeflore.fr\/en\/","logo":{"@type":"ImageObject","inLanguage":"en-US","@id":"https:\/\/shop.cafedeflore.fr\/en\/#\/schema\/logo\/image\/","url":"https:\/\/shop.cafedeflore.fr\/wp-content\/uploads\/2021\/12\/cafe_de_flore_logo.png","contentUrl":"https:\/\/shop.cafedeflore.fr\/wp-content\/uploads\/2021\/12\/cafe_de_flore_logo.png","width":370,"height":108,"caption":"Caf\u00e9 de Flore"},"image":{"@id":"https:\/\/shop.cafedeflore.fr\/en\/#\/schema\/logo\/image\/"}}]}},"_links":{"self":[{"href":"https:\/\/shop.cafedeflore.fr\/en\/wp-json\/wp\/v2\/product\/18134","targetHints":{"allow":["GET"]}}],"collection":[{"href":"https:\/\/shop.cafedeflore.fr\/en\/wp-json\/wp\/v2\/product"}],"about":[{"href":"https:\/\/shop.cafedeflore.fr\/en\/wp-json\/wp\/v2\/types\/product"}],"wp:featuredmedia":[{"embeddable":true,"href":"https:\/\/shop.cafedeflore.fr\/en\/wp-json\/wp\/v2\/media\/16649"}],"wp:attachment":[{"href":"https:\/\/shop.cafedeflore.fr\/en\/wp-json\/wp\/v2\/media?parent=18134"}],"wp:term":[{"taxonomy":"product_brand","embeddable":true,"href":"https:\/\/shop.cafedeflore.fr\/en\/wp-json\/wp\/v2\/product_brand?post=18134"},{"taxonomy":"product_cat","embeddable":true,"href":"https:\/\/shop.cafedeflore.fr\/en\/wp-json\/wp\/v2\/product_cat?post=18134"},{"taxonomy":"product_tag","embeddable":true,"href":"https:\/\/shop.cafedeflore.fr\/en\/wp-json\/wp\/v2\/product_tag?post=18134"}],"curies":[{"name":"wp","href":"https:\/\/api.w.org\/{rel}","templated":true}]}}